{"id":165,"date":"2019-03-24T14:02:29","date_gmt":"2019-03-24T14:02:29","guid":{"rendered":"http:\/\/konyhakertunk.hu\/?page_id=165"},"modified":"2022-08-15T16:22:04","modified_gmt":"2022-08-15T16:22:04","slug":"burgonya","status":"publish","type":"page","link":"https:\/\/konyhakertunk.hu\/?page_id=165","title":{"rendered":"BURGONYA"},"content":{"rendered":"\n<figure class=\"wp-block-image is-resized\"><img loading=\"lazy\" decoding=\"async\" src=\"https:\/\/konyhakertunk.hu\/wp-content\/uploads\/2019\/03\/buri.jpg\" alt=\"\" class=\"wp-image-224\" width=\"543\" height=\"306\" srcset=\"https:\/\/konyhakertunk.hu\/wp-content\/uploads\/2019\/03\/buri.jpg 651w, https:\/\/konyhakertunk.hu\/wp-content\/uploads\/2019\/03\/buri-300x169.jpg 300w, https:\/\/konyhakertunk.hu\/wp-content\/uploads\/2019\/03\/buri-624x352.jpg 624w\" sizes=\"auto, (max-width: 543px) 100vw, 543px\" \/><\/figure>\n\n\n\n<p><em><strong>Tulajdons\u00e1ga:<\/strong><\/em><\/p>\n\n\n\n<p>Magas kem\u00e9ny\u00edt\u0151 tartalm\u00fa n\u00f6v\u00e9ny, de C- \u00e9s B-vitamin tartalma\nis jelent\u0151s. A benne len\u0151 kalium el\u0151seg\u00edti a v\u00edz ki\u00fcr\u00fcl\u00e9s\u00e9t, ezzel a szervezet\n\u00e1tmos\u00e1s\u00e1t. Gyermekkorban fokozza a n\u00f6veked\u00e9st, er\u0151s\u00edti a k\u00f6t\u0151sz\u00f6veteket,\nel\u0151seg\u00edti a hormonok k\u00e9pz\u0151d\u00e9s\u00e9t. Szellemi frissess\u00e9get ad.<\/p>\n\n\n\n<p><em><strong>Vet\u00e9si ideje:<\/strong><\/em><\/p>\n\n\n\n<p>M\u00e1rcius m\u00e1sodik fele<\/p>\n\n\n\n<p><em><strong>Termeszt\u00e9se<\/strong>:<\/em><\/p>\n\n\n\n<p>       <strong>Talajba:<\/strong><\/p>\n\n\n\n<ol class=\"wp-block-list\"><li>A burgonya az er\u0151sen tr\u00e1gy\u00e1zott talajt kedveli. A n\u00f6v\u00e9ny termeszt\u00e9s\u00e9re sz\u00e1nt helyet \u00e1ssuk fel, gyoml\u00e1ljuk ki, majd egyenletesen gerebly\u00e9zz\u00fck el, hogy sima fel\u00fcletet kapjunk.<\/li><li>H\u00fazzunk ki neki egy 8-10 cm-es m\u00e9lyed\u00e9st, \u00e9s abba helyezz\u00fck a gum\u00f3kat 30-35 cm-enk\u00e9nt.<\/li><li>Takarjuk be f\u00f6lddel, enyh\u00e9n t\u00f6m\u00f6r\u00edts\u00fck felette a talajt, majd locsoljuk meg.<\/li><li>Est\u00e9nk\u00e9nt locsoljuk meg.<\/li><li>Amikor a n\u00f6v\u00e9ny el\u00e9rte a 10-15cm-es magass\u00e1got, f\u00f6ldet h\u00fazzunk k\u00f6r\u00e9. Amikor m\u00e9g magasabbra n\u0151tt, t\u00f6lts\u00fck fel ism\u00e9t.<\/li><li>Locsol\u00e1skor vizsg\u00e1ld meg, nem t\u00e1madta-e meg valami. (burgonyabog\u00e1r)<\/li><li>Akkor \u00e9rett be, amikor a sz\u00e1r teljesen elsz\u00e1radt. Kor\u00e1bban \u00fajburgonyak\u00e9nt fogyaszthat\u00f3.<\/li><\/ol>\n\n\n\n<p>       <strong>Vir\u00e1gcser\u00e9pbe:<\/strong><\/p>\n\n\n\n<ol class=\"wp-block-list\"><li>A cser\u00e9p alj\u00e1ba tegy\u00fcnk 5 cm magasan f\u00f6ldet.<\/li><li>Tegy\u00fcnk bele 3-4 kics\u00edr\u00e1zott burgony\u00e1t.<\/li><li>Fedj\u00fck be tov\u00e1bbi 15 cm magasan f\u00f6lddel.<\/li><li>Locsoljuk meg, majd v\u00e1rjunk, am\u00edg a n\u00f6v\u00e9ny el\u00e9ri a 13-15cm-es magass\u00e1got.<\/li><li>T\u00f6lts\u00fck fel ism\u00e9t 10 cm magasan f\u00f6lddel. Locsoljuk meg naponta.<\/li><li>Akkor \u00e9rik be, amikor a n\u00f6v\u00e9ny sz\u00e1ra elsz\u00e1rad.<\/li><\/ol>\n\n\n\n<p><\/p>\n\n\n\n<p><strong>Vide\u00f3 a vet\u00e9sr\u0151l<\/strong>: <\/p>\n\n\n\n<figure class=\"wp-block-embed is-type-video is-provider-youtube wp-block-embed-youtube wp-embed-aspect-16-9 wp-has-aspect-ratio\"><div class=\"wp-block-embed__wrapper\">\n<iframe loading=\"lazy\" title=\"Burgonya vet\u00e9se\" width=\"625\" height=\"352\" src=\"https:\/\/www.youtube.com\/embed\/4Ee5FBmFvLQ?feature=oembed\" frameborder=\"0\" allow=\"accelerometer; autoplay; clipboard-write; encrypted-media; gyroscope; picture-in-picture; web-share\" referrerpolicy=\"strict-origin-when-cross-origin\" allowfullscreen><\/iframe>\n<\/div><\/figure>\n","protected":false},"excerpt":{"rendered":"<p>Tulajdons\u00e1ga: Magas kem\u00e9ny\u00edt\u0151 tartalm\u00fa n\u00f6v\u00e9ny, de C- \u00e9s B-vitamin tartalma is jelent\u0151s. A benne len\u0151 kalium el\u0151seg\u00edti a v\u00edz ki\u00fcr\u00fcl\u00e9s\u00e9t, ezzel a szervezet \u00e1tmos\u00e1s\u00e1t. Gyermekkorban fokozza a n\u00f6veked\u00e9st, er\u0151s\u00edti a k\u00f6t\u0151sz\u00f6veteket, el\u0151seg\u00edti a hormonok k\u00e9pz\u0151d\u00e9s\u00e9t. Szellemi frissess\u00e9get ad. Vet\u00e9si ideje: M\u00e1rcius m\u00e1sodik fele Termeszt\u00e9se: Talajba: A burgonya az er\u0151sen tr\u00e1gy\u00e1zott talajt kedveli. A n\u00f6v\u00e9ny termeszt\u00e9s\u00e9re [&hellip;]<\/p>\n","protected":false},"author":1,"featured_media":0,"parent":0,"menu_order":0,"comment_status":"closed","ping_status":"closed","template":"","meta":{"footnotes":""},"class_list":["post-165","page","type-page","status-publish","hentry"],"_links":{"self":[{"href":"https:\/\/konyhakertunk.hu\/index.php?rest_route=\/wp\/v2\/pages\/165","targetHints":{"allow":["GET"]}}],"collection":[{"href":"https:\/\/konyhakertunk.hu\/index.php?rest_route=\/wp\/v2\/pages"}],"about":[{"href":"https:\/\/konyhakertunk.hu\/index.php?rest_route=\/wp\/v2\/types\/page"}],"author":[{"embeddable":true,"href":"https:\/\/konyhakertunk.hu\/index.php?rest_route=\/wp\/v2\/users\/1"}],"replies":[{"embeddable":true,"href":"https:\/\/konyhakertunk.hu\/index.php?rest_route=%2Fwp%2Fv2%2Fcomments&post=165"}],"version-history":[{"count":12,"href":"https:\/\/konyhakertunk.hu\/index.php?rest_route=\/wp\/v2\/pages\/165\/revisions"}],"predecessor-version":[{"id":497,"href":"https:\/\/konyhakertunk.hu\/index.php?rest_route=\/wp\/v2\/pages\/165\/revisions\/497"}],"wp:attachment":[{"href":"https:\/\/konyhakertunk.hu\/index.php?rest_route=%2Fwp%2Fv2%2Fmedia&parent=165"}],"curies":[{"name":"wp","href":"https:\/\/api.w.org\/{rel}","templated":true}]}}