{"id":167,"date":"2019-03-24T14:02:29","date_gmt":"2019-03-24T14:02:29","guid":{"rendered":"http:\/\/konyhakertunk.hu\/?page_id=167"},"modified":"2022-08-15T16:23:43","modified_gmt":"2022-08-15T16:23:43","slug":"cekla","status":"publish","type":"page","link":"https:\/\/konyhakertunk.hu\/?page_id=167","title":{"rendered":"C\u00c9KLA"},"content":{"rendered":"\n<figure class=\"wp-block-image is-resized\"><img loading=\"lazy\" decoding=\"async\" src=\"https:\/\/konyhakertunk.hu\/wp-content\/uploads\/2019\/03\/c\u00e9kla.jpg\" alt=\"\" class=\"wp-image-231\" width=\"547\" height=\"306\"\/><\/figure>\n\n\n\n<p><em><strong>Tulajdons\u00e1ga<\/strong>:<\/em><\/p>\n\n\n\n<p>B-vitamin, foszfor, vas \u00e9s folsav tartalma jelent\u0151s.\nV\u00e9rszeg\u00e9nys\u00e9gben kieg\u00e9sz\u00edt\u0151 kezel\u00e9sk\u00e9nt aj\u00e1nlj\u00e1k. A c\u00e9kla kiv\u00e1l\u00f3 influenza\nelleni szer. Sikeresen alkalmazhat\u00f3 a magas v\u00e9rnyom\u00e1s kezdeti st\u00e1dium\u00e1ban.\nKiv\u00e1l\u00f3 m\u00e9regtelen\u00edt\u0151. Seg\u00edti a r\u00e1kos sejtek puszt\u00edt\u00e1s\u00e1t.<\/p>\n\n\n\n<p><em><strong>Vet\u00e9si ideje<\/strong>:<\/em><\/p>\n\n\n\n<p>\u00c1prilis m\u00e1sodik fel\u00e9ben<\/p>\n\n\n\n<p><em><strong>Termeszt\u00e9se:<\/strong><\/em><\/p>\n\n\n\n<ol class=\"wp-block-list\"><li>A c\u00e9kla a k\u00f6zepesen tr\u00e1gy\u00e1zott f\u00f6ldet kedveli. A n\u00f6v\u00e9ny termeszt\u00e9s\u00e9re sz\u00e1nt helyet \u00e1ssuk fel, gyoml\u00e1ljuk ki, majd egyenletesen gerebly\u00e9zz\u00fck el, hogy sima fel\u00fcletet kapjunk.<\/li><li>H\u00fazzunk ki neki egy 2-3 cm-es m\u00e9lyed\u00e9st, \u00e9s abba helyezz\u00fck a magokat 7-10 cm-enk\u00e9nt.<\/li><li>Takarjuk be f\u00f6lddel, enyh\u00e9n t\u00f6m\u00f6r\u00edts\u00fck felette a talajt, majd locsoljuk meg.<\/li><li>M\u00e1s naponta locsoljuk meg.<\/li><li>Vet\u00e9s ut\u00e1n amint a sor l\u00e1tszik, megkap\u00e1ljuk. Folyamatosan gyommentesen \u00e9s porhany\u00f3san kell tartani k\u00f6r\u00fcl\u00f6tte a talajt.<\/li><li>Locsol\u00e1skor vizsg\u00e1ld meg, nem t\u00e1madta-e meg valami. (f\u00f6ldi bolh\u00e1k, l\u00e9gy, barna rothad\u00e1s, gum\u00f3varasod\u00e1s)<\/li><\/ol>\n\n\n\n<p>    <\/p>\n\n\n\n<p><strong>Vide\u00f3 a vet\u00e9sr\u0151l<\/strong>: <\/p>\n\n\n\n<figure class=\"wp-block-embed is-type-video is-provider-youtube wp-block-embed-youtube wp-embed-aspect-16-9 wp-has-aspect-ratio\"><div class=\"wp-block-embed__wrapper\">\n<iframe loading=\"lazy\" title=\"C\u00e9kla vet\u00e9s\" width=\"625\" height=\"352\" src=\"https:\/\/www.youtube.com\/embed\/Ui9P_gU2vqU?feature=oembed\" frameborder=\"0\" allow=\"accelerometer; autoplay; clipboard-write; encrypted-media; gyroscope; picture-in-picture; web-share\" referrerpolicy=\"strict-origin-when-cross-origin\" allowfullscreen><\/iframe>\n<\/div><\/figure>\n\n\n\n<p><\/p>\n\n\n\n<p><strong>Teraszon is k\u00f6nnyen vethet\u0151:<\/strong> (Hamarosan felt\u00f6lt\u00e9sre ker\u00fcl.)<\/p>\n","protected":false},"excerpt":{"rendered":"<p>Tulajdons\u00e1ga: B-vitamin, foszfor, vas \u00e9s folsav tartalma jelent\u0151s. V\u00e9rszeg\u00e9nys\u00e9gben kieg\u00e9sz\u00edt\u0151 kezel\u00e9sk\u00e9nt aj\u00e1nlj\u00e1k. A c\u00e9kla kiv\u00e1l\u00f3 influenza elleni szer. Sikeresen alkalmazhat\u00f3 a magas v\u00e9rnyom\u00e1s kezdeti st\u00e1dium\u00e1ban. Kiv\u00e1l\u00f3 m\u00e9regtelen\u00edt\u0151. Seg\u00edti a r\u00e1kos sejtek puszt\u00edt\u00e1s\u00e1t. Vet\u00e9si ideje: \u00c1prilis m\u00e1sodik fel\u00e9ben Termeszt\u00e9se: A c\u00e9kla a k\u00f6zepesen tr\u00e1gy\u00e1zott f\u00f6ldet kedveli. A n\u00f6v\u00e9ny termeszt\u00e9s\u00e9re sz\u00e1nt helyet \u00e1ssuk fel, gyoml\u00e1ljuk ki, majd [&hellip;]<\/p>\n","protected":false},"author":1,"featured_media":0,"parent":0,"menu_order":0,"comment_status":"closed","ping_status":"closed","template":"","meta":{"footnotes":""},"class_list":["post-167","page","type-page","status-publish","hentry"],"_links":{"self":[{"href":"https:\/\/konyhakertunk.hu\/index.php?rest_route=\/wp\/v2\/pages\/167","targetHints":{"allow":["GET"]}}],"collection":[{"href":"https:\/\/konyhakertunk.hu\/index.php?rest_route=\/wp\/v2\/pages"}],"about":[{"href":"https:\/\/konyhakertunk.hu\/index.php?rest_route=\/wp\/v2\/types\/page"}],"author":[{"embeddable":true,"href":"https:\/\/konyhakertunk.hu\/index.php?rest_route=\/wp\/v2\/users\/1"}],"replies":[{"embeddable":true,"href":"https:\/\/konyhakertunk.hu\/index.php?rest_route=%2Fwp%2Fv2%2Fcomments&post=167"}],"version-history":[{"count":9,"href":"https:\/\/konyhakertunk.hu\/index.php?rest_route=\/wp\/v2\/pages\/167\/revisions"}],"predecessor-version":[{"id":499,"href":"https:\/\/konyhakertunk.hu\/index.php?rest_route=\/wp\/v2\/pages\/167\/revisions\/499"}],"wp:attachment":[{"href":"https:\/\/konyhakertunk.hu\/index.php?rest_route=%2Fwp%2Fv2%2Fmedia&parent=167"}],"curies":[{"name":"wp","href":"https:\/\/api.w.org\/{rel}","templated":true}]}}