{"id":168,"date":"2019-03-24T14:02:29","date_gmt":"2019-03-24T14:02:29","guid":{"rendered":"http:\/\/konyhakertunk.hu\/?page_id=168"},"modified":"2022-08-15T16:13:29","modified_gmt":"2022-08-15T16:13:29","slug":"fokhagyma","status":"publish","type":"page","link":"https:\/\/konyhakertunk.hu\/?page_id=168","title":{"rendered":"FOKHAGYMA"},"content":{"rendered":"\n<figure class=\"wp-block-image is-resized\"><img loading=\"lazy\" decoding=\"async\" src=\"https:\/\/konyhakertunk.hu\/wp-content\/uploads\/2019\/03\/foki.jpg\" alt=\"\" class=\"wp-image-235\" width=\"481\" height=\"270\"\/><\/figure>\n\n\n\n<p><em><strong>Tulajdons\u00e1ga<\/strong>:<\/em><\/p>\n\n\n\n<p>Energia, feh\u00e9rje \u00e9s sz\u00e9nhidr\u00e1t tartalma magas. Foszfor,\nk\u00e1lium, n\u00e1trium, magn\u00e9zium \u00e9s mang\u00e1nban gazdag. Nemcsak megakad\u00e1lyozza a\nkoleszterin illetve a zs\u00edr lerak\u00f3d\u00e1s\u00e1t a v\u00e9rben, hanem k\u00e9pes a m\u00e1r lerak\u00f3dott\nk\u00e1ros anyagokat feloldani. Bakt\u00e9rium \u00e9s v\u00edrus\u00f6l\u0151 hat\u00e1s\u00fa.<\/p>\n\n\n\n<p><em><strong>Vet\u00e9si ideje:<\/strong><\/em><\/p>\n\n\n\n<p>M\u00e1rciusban (tavaszi -)  vagy okt\u00f3berben (\u0151szi fokhagyma).<\/p>\n\n\n\n<p><em><strong>Termeszt\u00e9se<\/strong>:<\/em><\/p>\n\n\n\n<p>1.&nbsp;&nbsp;&nbsp;&nbsp;&nbsp;&nbsp;&nbsp;&nbsp;&nbsp;&nbsp;A fokhagyma a k\u00f6zepesen tr\u00e1gy\u00e1zott talajt kedveli.&nbsp; A n\u00f6v\u00e9ny termeszt\u00e9s\u00e9re sz\u00e1nt helyet \u00e1ssuk fel, gyoml\u00e1ljuk ki, majd egyenletesen gerebly\u00e9zz\u00fck el, hogy sima fel\u00fcletet kapjunk.<\/p>\n\n\n\n<p>2.&nbsp;&nbsp;&nbsp;&nbsp;&nbsp;&nbsp;&nbsp;&nbsp;&nbsp;&nbsp;&nbsp; A dughagym\u00e1kat egym\u00e1st\u00f3l 15-20 cm\nt\u00e1vols\u00e1gra, 5-6 cm m\u00e9lyen, gy\u00f6ker\u00e9vel lefel\u00e9 dugjuk be a f\u00f6ldbe.<\/p>\n\n\n\n<p>3.&nbsp;&nbsp;&nbsp;&nbsp;&nbsp;&nbsp;&nbsp;&nbsp;&nbsp;&nbsp;&nbsp; Az els\u0151 k\u00e9t h\u00f3napban minden este locsoljuk, ut\u00e1na el\u00e9g\nm\u00e1snaponta.<\/p>\n\n\n\n<p>4.&nbsp;&nbsp;&nbsp;&nbsp;&nbsp;&nbsp;&nbsp;&nbsp;&nbsp;&nbsp;&nbsp; Vet\u00e9s ut\u00e1n amint a sor l\u00e1tszik,\nmegkap\u00e1ljuk. Folyamatosan gyommentesen \u00e9s porhany\u00f3san kell tartani k\u00f6r\u00fcl\u00f6tte a\ntalajt.<\/p>\n\n\n\n<p>5.&nbsp;&nbsp;&nbsp;&nbsp;&nbsp;&nbsp;&nbsp;&nbsp;&nbsp;&nbsp;&nbsp; Locsol\u00e1skor vizsg\u00e1ld meg, nem\nt\u00e1madta-e meg valami. (perenoszp\u00f3ra, feketepen\u00e9sz, b\u00fcd\u00f6s rothad\u00e1s)<\/p>\n\n\n\n<p>6.&nbsp;&nbsp;&nbsp;&nbsp;&nbsp;&nbsp;&nbsp;&nbsp;&nbsp;&nbsp;&nbsp; Akkor \u00e9rik meg amikor a sz\u00e1r teljesen elsz\u00e1rad.<\/p>\n\n\n\n<p><\/p>\n\n\n\n<p><strong>Vide\u00f3 a vet\u00e9sr\u0151l<\/strong>: <\/p>\n\n\n\n<figure class=\"wp-block-embed is-type-video is-provider-youtube wp-block-embed-youtube wp-embed-aspect-16-9 wp-has-aspect-ratio\"><div class=\"wp-block-embed__wrapper\">\n<iframe loading=\"lazy\" title=\"Fokhagyma vet\u00e9s\" width=\"625\" height=\"352\" src=\"https:\/\/www.youtube.com\/embed\/hhsHr_mKHek?feature=oembed\" frameborder=\"0\" allow=\"accelerometer; autoplay; clipboard-write; encrypted-media; gyroscope; picture-in-picture; web-share\" referrerpolicy=\"strict-origin-when-cross-origin\" allowfullscreen><\/iframe>\n<\/div><\/figure>\n\n\n\n<p><\/p>\n\n\n\n<p><strong>Teraszon is k\u00f6nnyen vethet\u0151:<\/strong><\/p>\n\n\n\n<figure class=\"wp-block-embed is-type-video is-provider-youtube wp-block-embed-youtube wp-embed-aspect-16-9 wp-has-aspect-ratio\"><div class=\"wp-block-embed__wrapper\">\n<iframe loading=\"lazy\" title=\"Kert\u00e9szked\u00e9s teraszon - fokhagyma vet\u00e9s - garlic sowing\" width=\"625\" height=\"352\" src=\"https:\/\/www.youtube.com\/embed\/sz_mcPdiHW4?feature=oembed\" frameborder=\"0\" allow=\"accelerometer; autoplay; clipboard-write; encrypted-media; gyroscope; picture-in-picture; web-share\" referrerpolicy=\"strict-origin-when-cross-origin\" allowfullscreen><\/iframe>\n<\/div><\/figure>\n","protected":false},"excerpt":{"rendered":"<p>Tulajdons\u00e1ga: Energia, feh\u00e9rje \u00e9s sz\u00e9nhidr\u00e1t tartalma magas. Foszfor, k\u00e1lium, n\u00e1trium, magn\u00e9zium \u00e9s mang\u00e1nban gazdag. Nemcsak megakad\u00e1lyozza a koleszterin illetve a zs\u00edr lerak\u00f3d\u00e1s\u00e1t a v\u00e9rben, hanem k\u00e9pes a m\u00e1r lerak\u00f3dott k\u00e1ros anyagokat feloldani. Bakt\u00e9rium \u00e9s v\u00edrus\u00f6l\u0151 hat\u00e1s\u00fa. Vet\u00e9si ideje: M\u00e1rciusban (tavaszi -) vagy okt\u00f3berben (\u0151szi fokhagyma). Termeszt\u00e9se: 1.&nbsp;&nbsp;&nbsp;&nbsp;&nbsp;&nbsp;&nbsp;&nbsp;&nbsp;&nbsp;A fokhagyma a k\u00f6zepesen tr\u00e1gy\u00e1zott talajt kedveli.&nbsp; A n\u00f6v\u00e9ny [&hellip;]<\/p>\n","protected":false},"author":1,"featured_media":0,"parent":0,"menu_order":0,"comment_status":"closed","ping_status":"closed","template":"","meta":{"footnotes":""},"class_list":["post-168","page","type-page","status-publish","hentry"],"_links":{"self":[{"href":"https:\/\/konyhakertunk.hu\/index.php?rest_route=\/wp\/v2\/pages\/168","targetHints":{"allow":["GET"]}}],"collection":[{"href":"https:\/\/konyhakertunk.hu\/index.php?rest_route=\/wp\/v2\/pages"}],"about":[{"href":"https:\/\/konyhakertunk.hu\/index.php?rest_route=\/wp\/v2\/types\/page"}],"author":[{"embeddable":true,"href":"https:\/\/konyhakertunk.hu\/index.php?rest_route=\/wp\/v2\/users\/1"}],"replies":[{"embeddable":true,"href":"https:\/\/konyhakertunk.hu\/index.php?rest_route=%2Fwp%2Fv2%2Fcomments&post=168"}],"version-history":[{"count":10,"href":"https:\/\/konyhakertunk.hu\/index.php?rest_route=\/wp\/v2\/pages\/168\/revisions"}],"predecessor-version":[{"id":490,"href":"https:\/\/konyhakertunk.hu\/index.php?rest_route=\/wp\/v2\/pages\/168\/revisions\/490"}],"wp:attachment":[{"href":"https:\/\/konyhakertunk.hu\/index.php?rest_route=%2Fwp%2Fv2%2Fmedia&parent=168"}],"curies":[{"name":"wp","href":"https:\/\/api.w.org\/{rel}","templated":true}]}}