{"id":169,"date":"2019-03-24T14:02:29","date_gmt":"2019-03-24T14:02:29","guid":{"rendered":"http:\/\/konyhakertunk.hu\/?page_id=169"},"modified":"2022-08-15T16:15:26","modified_gmt":"2022-08-15T16:15:26","slug":"paprika","status":"publish","type":"page","link":"https:\/\/konyhakertunk.hu\/?page_id=169","title":{"rendered":"PAPRIKA"},"content":{"rendered":"\n<figure class=\"wp-block-image is-resized\"><img loading=\"lazy\" decoding=\"async\" src=\"https:\/\/konyhakertunk.hu\/wp-content\/uploads\/2019\/03\/paprika-1-1024x681.jpg\" alt=\"\" class=\"wp-image-240\" width=\"523\" height=\"347\" srcset=\"https:\/\/konyhakertunk.hu\/wp-content\/uploads\/2019\/03\/paprika-1.jpg 1024w, https:\/\/konyhakertunk.hu\/wp-content\/uploads\/2019\/03\/paprika-1-300x200.jpg 300w, https:\/\/konyhakertunk.hu\/wp-content\/uploads\/2019\/03\/paprika-1-768x511.jpg 768w, https:\/\/konyhakertunk.hu\/wp-content\/uploads\/2019\/03\/paprika-1-624x415.jpg 624w\" sizes=\"auto, (max-width: 523px) 100vw, 523px\" \/><\/figure>\n\n\n\n<p><em><strong>Tulajdons\u00e1ga:<\/strong><\/em><\/p>\n\n\n\n<p>Magas a C-vitamin tartalma. Tartalmaz m\u00e9g ezen k\u00edv\u00fcl\nkapszaicint, ami g\u00e1tolja a v\u00e9ralvad\u00e1st, megk\u00f6nny\u00edti a v\u00e9r \u00e1raml\u00e1s\u00e1t, cs\u00f6kkenti\na v\u00e9gtagokban jelentkez\u0151 hideg \u00e9rzetet. J\u00f3 sz\u00e9d\u00fcl\u00e9s \u00e9s migr\u00e9n ellen. Rendk\u00edv\u00fcl\nj\u00f3 hat\u00e1s\u00fa a vissz\u00e9rbetegs\u00e9gekben.<\/p>\n\n\n\n<p><em><strong>Vet\u00e9si ideje<\/strong>:<\/em><\/p>\n\n\n\n<p>febru\u00e1r v\u00e9g\u00e9n<\/p>\n\n\n\n<p><em><strong>Termeszt\u00e9se<\/strong>:<\/em><\/p>\n\n\n\n<ol class=\"wp-block-list\"><li>Kis m\u0171anyag poh\u00e1rba tesz\u00fcnk 2-2 szem magot 2-3 cm m\u00e9lyen.<\/li><li>Amikor el\u00e9rt\u00e9k a 4-5 cm-s magass\u00e1got \u00e1t\u00fcltetj\u00fck t\u00e1pkock\u00e1ba.<\/li><li>Meleg \u00e9s vil\u00e1gos helyen, minden nap locsolva nevelj\u00fck \u00e1prilis k\u00f6zep\u00e9ig.<\/li><li>A paprika az er\u0151sen tr\u00e1gy\u00e1zott talajt kedveli. A n\u00f6v\u00e9ny termeszt\u00e9s\u00e9re sz\u00e1nt helyet \u00e1ssuk fel, gyoml\u00e1ljuk ki, majd egyenletesen gerebly\u00e9zz\u00fck el, hogy sima fel\u00fcletet kapjunk.<\/li><li>\u00c1prilis k\u00f6zep\u00e9n,amikor el\u00e9rte a 25-30 cm-s magass\u00e1got&nbsp; benne hagyva a kock\u00e1ba, &nbsp;az el\u0151k\u00e9sz\u00edtett hely\u00e9re,&nbsp; egym\u00e1st\u00f3l 40-40 cm-re \u00fcltess\u00fck ki.<\/li><li>Minden este locsoljuk meg.<\/li><li>Folyamatosan gyommentesen \u00e9s porhany\u00f3san kell tartani k\u00f6r\u00fcl\u00f6tte a talajt.<\/li><li>Locsol\u00e1skor vizsg\u00e1ld meg, nem t\u00e1madta-e meg valami. (pal\u00e1ntad\u0151l\u00e9s, v\u00edrusbetegs\u00e9g, hervad\u00e1s, napperzsel\u00e9s)<\/li><\/ol>\n\n\n\n<p><strong> <\/strong><\/p>\n\n\n\n<p><strong>Vide\u00f3 a vet\u00e9sr\u0151l<\/strong>: <\/p>\n\n\n\n<figure class=\"wp-block-embed is-type-video is-provider-youtube wp-block-embed-youtube wp-embed-aspect-16-9 wp-has-aspect-ratio\"><div class=\"wp-block-embed__wrapper\">\n<iframe loading=\"lazy\" title=\"Paprika vet\u00e9s\" width=\"625\" height=\"352\" src=\"https:\/\/www.youtube.com\/embed\/IFkvbQh_BLM?start=1&#038;feature=oembed\" frameborder=\"0\" allow=\"accelerometer; autoplay; clipboard-write; encrypted-media; gyroscope; picture-in-picture; web-share\" referrerpolicy=\"strict-origin-when-cross-origin\" allowfullscreen><\/iframe>\n<\/div><\/figure>\n\n\n\n<p><strong>Vide\u00f3 a pal\u00e1nt\u00e1z\u00e1sr\u00f3l<\/strong>: <\/p>\n\n\n\n<figure class=\"wp-block-embed is-type-video is-provider-youtube wp-block-embed-youtube wp-embed-aspect-16-9 wp-has-aspect-ratio\"><div class=\"wp-block-embed__wrapper\">\n<iframe loading=\"lazy\" title=\"Paprika pal\u00e1nt\u00e1z\u00e1s\" width=\"625\" height=\"352\" src=\"https:\/\/www.youtube.com\/embed\/0BlaTFSbMVI?start=2&#038;feature=oembed\" frameborder=\"0\" allow=\"accelerometer; autoplay; clipboard-write; encrypted-media; gyroscope; picture-in-picture; web-share\" referrerpolicy=\"strict-origin-when-cross-origin\" allowfullscreen><\/iframe>\n<\/div><\/figure>\n\n\n\n<p><strong>Vide\u00f3 az \u00fcltet\u00e9sr\u0151l:<\/strong><\/p>\n\n\n\n<figure class=\"wp-block-embed is-type-video is-provider-youtube wp-block-embed-youtube wp-embed-aspect-16-9 wp-has-aspect-ratio\"><div class=\"wp-block-embed__wrapper\">\n<iframe loading=\"lazy\" title=\"Paprika \u00fcltet\u00e9s\" width=\"625\" height=\"352\" src=\"https:\/\/www.youtube.com\/embed\/8dzf2pMCqbU?feature=oembed\" frameborder=\"0\" allow=\"accelerometer; autoplay; clipboard-write; encrypted-media; gyroscope; picture-in-picture; web-share\" referrerpolicy=\"strict-origin-when-cross-origin\" allowfullscreen><\/iframe>\n<\/div><\/figure>\n\n\n\n<p><\/p>\n\n\n\n<p><strong>Teraszon is k\u00f6nnyen vethet\u0151:<\/strong><\/p>\n\n\n\n<figure class=\"wp-block-embed is-type-video is-provider-youtube wp-block-embed-youtube wp-embed-aspect-16-9 wp-has-aspect-ratio\"><div class=\"wp-block-embed__wrapper\">\n<iframe loading=\"lazy\" title=\"Kert\u00e9szked\u00e9s teraszon - paprika\" width=\"625\" height=\"352\" src=\"https:\/\/www.youtube.com\/embed\/8qeHyQrJSBI?feature=oembed\" frameborder=\"0\" allow=\"accelerometer; autoplay; clipboard-write; encrypted-media; gyroscope; picture-in-picture; web-share\" referrerpolicy=\"strict-origin-when-cross-origin\" allowfullscreen><\/iframe>\n<\/div><\/figure>\n","protected":false},"excerpt":{"rendered":"<p>Tulajdons\u00e1ga: Magas a C-vitamin tartalma. Tartalmaz m\u00e9g ezen k\u00edv\u00fcl kapszaicint, ami g\u00e1tolja a v\u00e9ralvad\u00e1st, megk\u00f6nny\u00edti a v\u00e9r \u00e1raml\u00e1s\u00e1t, cs\u00f6kkenti a v\u00e9gtagokban jelentkez\u0151 hideg \u00e9rzetet. J\u00f3 sz\u00e9d\u00fcl\u00e9s \u00e9s migr\u00e9n ellen. Rendk\u00edv\u00fcl j\u00f3 hat\u00e1s\u00fa a vissz\u00e9rbetegs\u00e9gekben. Vet\u00e9si ideje: febru\u00e1r v\u00e9g\u00e9n Termeszt\u00e9se: Kis m\u0171anyag poh\u00e1rba tesz\u00fcnk 2-2 szem magot 2-3 cm m\u00e9lyen. Amikor el\u00e9rt\u00e9k a 4-5 cm-s magass\u00e1got [&hellip;]<\/p>\n","protected":false},"author":1,"featured_media":0,"parent":0,"menu_order":0,"comment_status":"closed","ping_status":"closed","template":"","meta":{"footnotes":""},"class_list":["post-169","page","type-page","status-publish","hentry"],"_links":{"self":[{"href":"https:\/\/konyhakertunk.hu\/index.php?rest_route=\/wp\/v2\/pages\/169","targetHints":{"allow":["GET"]}}],"collection":[{"href":"https:\/\/konyhakertunk.hu\/index.php?rest_route=\/wp\/v2\/pages"}],"about":[{"href":"https:\/\/konyhakertunk.hu\/index.php?rest_route=\/wp\/v2\/types\/page"}],"author":[{"embeddable":true,"href":"https:\/\/konyhakertunk.hu\/index.php?rest_route=\/wp\/v2\/users\/1"}],"replies":[{"embeddable":true,"href":"https:\/\/konyhakertunk.hu\/index.php?rest_route=%2Fwp%2Fv2%2Fcomments&post=169"}],"version-history":[{"count":15,"href":"https:\/\/konyhakertunk.hu\/index.php?rest_route=\/wp\/v2\/pages\/169\/revisions"}],"predecessor-version":[{"id":492,"href":"https:\/\/konyhakertunk.hu\/index.php?rest_route=\/wp\/v2\/pages\/169\/revisions\/492"}],"wp:attachment":[{"href":"https:\/\/konyhakertunk.hu\/index.php?rest_route=%2Fwp%2Fv2%2Fmedia&parent=169"}],"curies":[{"name":"wp","href":"https:\/\/api.w.org\/{rel}","templated":true}]}}