{"id":170,"date":"2019-03-24T14:02:29","date_gmt":"2019-03-24T14:02:29","guid":{"rendered":"http:\/\/konyhakertunk.hu\/?page_id=170"},"modified":"2022-08-15T16:06:13","modified_gmt":"2022-08-15T16:06:13","slug":"paradicsom","status":"publish","type":"page","link":"https:\/\/konyhakertunk.hu\/?page_id=170","title":{"rendered":"PARADICSOM"},"content":{"rendered":"\n<figure class=\"wp-block-image is-resized\"><img loading=\"lazy\" decoding=\"async\" src=\"https:\/\/konyhakertunk.hu\/wp-content\/uploads\/2019\/03\/paradicsom.jpg\" alt=\"\" class=\"wp-image-249\" width=\"527\" height=\"350\" srcset=\"https:\/\/konyhakertunk.hu\/wp-content\/uploads\/2019\/03\/paradicsom.jpg 1000w, https:\/\/konyhakertunk.hu\/wp-content\/uploads\/2019\/03\/paradicsom-300x200.jpg 300w, https:\/\/konyhakertunk.hu\/wp-content\/uploads\/2019\/03\/paradicsom-768x511.jpg 768w, https:\/\/konyhakertunk.hu\/wp-content\/uploads\/2019\/03\/paradicsom-624x415.jpg 624w\" sizes=\"auto, (max-width: 527px) 100vw, 527px\" \/><\/figure>\n\n\n\n<p><em><strong>Tulajdons\u00e1ga:<\/strong><\/em><\/p>\n\n\n\n<p>\u00c1sv\u00e1nyi anyagai a k\u00e1lium \u00e9s cink. Vitaminokb\u00f3l C- \u00e9s\nE-vitamint tartalmaz. &nbsp;Biotin tartalma\n\u0151rzi a haj, a b\u0151r \u00e9s k\u00f6rm\u00f6k \u00e9ps\u00e9g\u00e9t. R\u00e9szt vesz a v\u00e9rcukorszint\nszab\u00e1lyoz\u00e1s\u00e1ban. Niacin tartalma a j\u00f3 hangulat\u00e9rt \u00e9s a pihentet\u0151 alv\u00e1s\u00e9rt\nfelel\u0151s. Folsavtartalma sz\u00fcks\u00e9ges a v\u00e9rk\u00e9pz\u00e9shez.<\/p>\n\n\n\n<p><em><strong>Vet\u00e9si ideje<\/strong>:<\/em><\/p>\n\n\n\n<p>Febru\u00e1r v\u00e9g\u00e9n<\/p>\n\n\n\n<p><em><strong>Termeszt\u00e9se<\/strong>:<\/em><\/p>\n\n\n\n<ol class=\"wp-block-list\"><li>M\u0171anyag kis poh\u00e1rba tegy\u00fcnk 1-1 szem magot 2-3 cm m\u00e9lyen.<\/li><li>Amikor el\u00e9rte a 4-5 cm-s magass\u00e1got \u00fcltess\u00fck \u00e1t t\u00e1pkock\u00e1ba.<\/li><li>Meleg \u00e9s vil\u00e1gos helyen, minden nap locsolva nevelj\u00fck \u00e1prilis k\u00f6zep\u00e9ig.<\/li><li>A fagyok elm\u00falt\u00e1val, amikor az \u00e9jszakai h\u0151m\u00e9rs\u00e9klet m\u00e1r nem cs\u00f6kken 12 celzius al\u00e1, ki\u00fcltethetj\u00fck a n\u00f6v\u00e9nyeket a kertbe, de aj\u00e1nlatos el\u0151bb fokozatosan hozz\u00e1szoktatni a kinti h\u0151m\u00e9rs\u00e9klethez. Egy h\u00e9t eltelt\u00e9vel ki\u00fcltethet\u0151 cser\u00e9pbe, vagy  kertbe. Fontos hogy sz\u00e9lt\u0151l v\u00e9dett, napos helyet v\u00e1lasszunk.<\/li><li>A paradicsom az er\u0151sen tr\u00e1gy\u00e1zott talajt kedveli. A n\u00f6v\u00e9ny termeszt\u00e9s\u00e9re sz\u00e1nt helyet \u00e1ssuk fel, gyoml\u00e1ljuk ki, majd egyenletesen gerebly\u00e9zz\u00fck el, hogy sima fel\u00fcletet kapjunk.<\/li><li>\u00c1prilis k\u00f6zep\u00e9n, amikor el\u00e9rte a 25-30 cm-s magass\u00e1got bent hagyva a kock\u00e1ba,&nbsp; az el\u0151k\u00e9sz\u00edtett hely\u00e9re,&nbsp; egym\u00e1st\u00f3l 60-60 cm-re \u00fcltess\u00fck ki.<\/li><li>A n\u00f6v\u00e9ny egyik oldal\u00e1ra verj\u00fcnk le kar\u00f3t, a m\u00e1sikra pedig tegy\u00fcnk palackot. <\/li><li>Minden este locsoljuk meg a palackon kereszt\u00fcl.<\/li><li>Folyamatosan gyommentesen \u00e9s porhany\u00f3san kell tartani k\u00f6r\u00fcl\u00f6tte a talajt.<\/li><li>Locsol\u00e1skor vizsg\u00e1ld meg, nem t\u00e1madta-e meg valami. <\/li><\/ol>\n\n\n\n<p><\/p>\n\n\n\n<p><strong>Vide\u00f3 a vet\u00e9sr\u0151l:<\/strong><\/p>\n\n\n\n<figure class=\"wp-block-embed is-type-video is-provider-youtube wp-block-embed-youtube wp-embed-aspect-16-9 wp-has-aspect-ratio\"><div class=\"wp-block-embed__wrapper\">\n<iframe loading=\"lazy\" title=\"Paradicsom vet\u00e9s\" width=\"625\" height=\"352\" src=\"https:\/\/www.youtube.com\/embed\/uEv30D5zuE0?start=7&#038;feature=oembed\" frameborder=\"0\" allow=\"accelerometer; autoplay; clipboard-write; encrypted-media; gyroscope; picture-in-picture; web-share\" referrerpolicy=\"strict-origin-when-cross-origin\" allowfullscreen><\/iframe>\n<\/div><\/figure>\n\n\n\n<p><\/p>\n\n\n\n<p><strong>Vide\u00f3 a pal\u00e1nt\u00e1z\u00e1sr\u00f3l<\/strong>: <\/p>\n\n\n\n<figure class=\"wp-block-embed is-type-video is-provider-youtube wp-block-embed-youtube wp-embed-aspect-16-9 wp-has-aspect-ratio\"><div class=\"wp-block-embed__wrapper\">\n<iframe loading=\"lazy\" title=\"Paradicsom pal\u00e1nt\u00e1z\u00e1s\" width=\"625\" height=\"352\" src=\"https:\/\/www.youtube.com\/embed\/7UqOCSOMoGE?feature=oembed\" frameborder=\"0\" allow=\"accelerometer; autoplay; clipboard-write; encrypted-media; gyroscope; picture-in-picture; web-share\" referrerpolicy=\"strict-origin-when-cross-origin\" allowfullscreen><\/iframe>\n<\/div><\/figure>\n\n\n\n<p><\/p>\n\n\n\n<p><strong>Vide\u00f3 az \u00fcltet\u00e9sr\u0151l<\/strong>: <\/p>\n\n\n\n<figure class=\"wp-block-embed is-type-video is-provider-youtube wp-block-embed-youtube wp-embed-aspect-16-9 wp-has-aspect-ratio\"><div class=\"wp-block-embed__wrapper\">\n<iframe loading=\"lazy\" title=\"Paradicsom \u00fcltet\u00e9s\" width=\"625\" height=\"352\" src=\"https:\/\/www.youtube.com\/embed\/iSo19fY6hYc?start=18&#038;feature=oembed\" frameborder=\"0\" allow=\"accelerometer; autoplay; clipboard-write; encrypted-media; gyroscope; picture-in-picture; web-share\" referrerpolicy=\"strict-origin-when-cross-origin\" allowfullscreen><\/iframe>\n<\/div><\/figure>\n\n\n\n<p><\/p>\n\n\n\n<p><strong>Teraszon is k\u00f6nnyen vethet\u0151:<\/strong><\/p>\n\n\n\n<figure class=\"wp-block-embed is-type-video is-provider-youtube wp-block-embed-youtube wp-embed-aspect-16-9 wp-has-aspect-ratio\"><div class=\"wp-block-embed__wrapper\">\n<iframe loading=\"lazy\" title=\"Kert\u00e9szked\u00e9s teraszon - paradicsom\" width=\"625\" height=\"352\" src=\"https:\/\/www.youtube.com\/embed\/8kmLZbIN0zE?start=59&#038;feature=oembed\" frameborder=\"0\" allow=\"accelerometer; autoplay; clipboard-write; encrypted-media; gyroscope; picture-in-picture; web-share\" referrerpolicy=\"strict-origin-when-cross-origin\" allowfullscreen><\/iframe>\n<\/div><\/figure>\n","protected":false},"excerpt":{"rendered":"<p>Tulajdons\u00e1ga: \u00c1sv\u00e1nyi anyagai a k\u00e1lium \u00e9s cink. Vitaminokb\u00f3l C- \u00e9s E-vitamint tartalmaz. &nbsp;Biotin tartalma \u0151rzi a haj, a b\u0151r \u00e9s k\u00f6rm\u00f6k \u00e9ps\u00e9g\u00e9t. R\u00e9szt vesz a v\u00e9rcukorszint szab\u00e1lyoz\u00e1s\u00e1ban. Niacin tartalma a j\u00f3 hangulat\u00e9rt \u00e9s a pihentet\u0151 alv\u00e1s\u00e9rt felel\u0151s. Folsavtartalma sz\u00fcks\u00e9ges a v\u00e9rk\u00e9pz\u00e9shez. Vet\u00e9si ideje: Febru\u00e1r v\u00e9g\u00e9n Termeszt\u00e9se: M\u0171anyag kis poh\u00e1rba tegy\u00fcnk 1-1 szem magot 2-3 cm [&hellip;]<\/p>\n","protected":false},"author":1,"featured_media":0,"parent":0,"menu_order":0,"comment_status":"closed","ping_status":"closed","template":"","meta":{"footnotes":""},"class_list":["post-170","page","type-page","status-publish","hentry"],"_links":{"self":[{"href":"https:\/\/konyhakertunk.hu\/index.php?rest_route=\/wp\/v2\/pages\/170","targetHints":{"allow":["GET"]}}],"collection":[{"href":"https:\/\/konyhakertunk.hu\/index.php?rest_route=\/wp\/v2\/pages"}],"about":[{"href":"https:\/\/konyhakertunk.hu\/index.php?rest_route=\/wp\/v2\/types\/page"}],"author":[{"embeddable":true,"href":"https:\/\/konyhakertunk.hu\/index.php?rest_route=\/wp\/v2\/users\/1"}],"replies":[{"embeddable":true,"href":"https:\/\/konyhakertunk.hu\/index.php?rest_route=%2Fwp%2Fv2%2Fcomments&post=170"}],"version-history":[{"count":15,"href":"https:\/\/konyhakertunk.hu\/index.php?rest_route=\/wp\/v2\/pages\/170\/revisions"}],"predecessor-version":[{"id":487,"href":"https:\/\/konyhakertunk.hu\/index.php?rest_route=\/wp\/v2\/pages\/170\/revisions\/487"}],"wp:attachment":[{"href":"https:\/\/konyhakertunk.hu\/index.php?rest_route=%2Fwp%2Fv2%2Fmedia&parent=170"}],"curies":[{"name":"wp","href":"https:\/\/api.w.org\/{rel}","templated":true}]}}