{"id":171,"date":"2019-03-24T14:02:29","date_gmt":"2019-03-24T14:02:29","guid":{"rendered":"http:\/\/konyhakertunk.hu\/?page_id=171"},"modified":"2022-08-15T16:25:24","modified_gmt":"2022-08-15T16:25:24","slug":"retek","status":"publish","type":"page","link":"https:\/\/konyhakertunk.hu\/?page_id=171","title":{"rendered":"RETEK"},"content":{"rendered":"\n<figure class=\"wp-block-image\"><img loading=\"lazy\" decoding=\"async\" width=\"560\" height=\"372\" src=\"https:\/\/konyhakertunk.hu\/wp-content\/uploads\/2019\/03\/035.jpg\" alt=\"\" class=\"wp-image-257\" srcset=\"https:\/\/konyhakertunk.hu\/wp-content\/uploads\/2019\/03\/035.jpg 560w, https:\/\/konyhakertunk.hu\/wp-content\/uploads\/2019\/03\/035-300x199.jpg 300w\" sizes=\"auto, (max-width: 560px) 100vw, 560px\" \/><\/figure>\n\n\n\n<p><em><strong>Tulajdons\u00e1ga<\/strong>:<\/em><\/p>\n\n\n\n<p>A-, B- \u00e9s C-vitaminban gazdag, de kalium &nbsp;\u00e9s foszfor tartalma is jelent\u0151s. Em\u00e9szt\u00e9st\nserkent\u0151, \u00e9tv\u00e1gygerjeszt\u0151, vesetiszt\u00edt\u00f3, antibakteri\u00e1lis \u00e9s gombaellenes\nhat\u00e1s\u00fa. Alkalmas megf\u00e1z\u00e1s \u00e9s cseppfert\u0151z\u00e9sek megel\u0151z\u00e9s\u00e9ben. T\u00e1mogatja a m\u00e1j m\u00e9regtelen\u00edt\u0151\nmunk\u00e1j\u00e1t \u00e9s epekiv\u00e1laszt\u00e1st.<\/p>\n\n\n\n<p><em><strong>Vet\u00e9si ideje<\/strong>:<\/em><\/p>\n\n\n\n<p>Ny\u00e1ri retek: \u00e1prilis m\u00e1sodik fel\u00e9t\u0151l  m\u00e1jus v\u00e9g\u00e9ig<\/p>\n\n\n\n<p>T\u00e9li retek: j\u00falius m\u00e1sodik fel\u00e9t\u0151l augusztus els\u0151 fel\u00e9ig<\/p>\n\n\n\n<p><em><strong>Termeszt\u00e9se<\/strong>:<\/em><\/p>\n\n\n\n<ol class=\"wp-block-list\"><li>A retek a k\u00f6zepesen tr\u00e1gy\u00e1zott talajt kedveli. A n\u00f6v\u00e9ny termeszt\u00e9s\u00e9re sz\u00e1nt helyet \u00e1ssuk fel, gyoml\u00e1ljuk ki, majd egyenletesen gerebly\u00e9zz\u00fck el, hogy sima fel\u00fcletet kapjunk.<\/li><li>H\u00fazzunk ki neki egy 2-3 cm-es m\u00e9lyed\u00e9st, \u00e9s abba helyezz\u00fck a magokat 3-4 cm-enk\u00e9nt.<\/li><li>Takarjuk be f\u00f6lddel, enyh\u00e9n t\u00f6m\u00f6r\u00edts\u00fck felette a talajt, majd locsoljuk meg.<\/li><li>Est\u00e9nk\u00e9nt locsoljuk meg.<\/li><li>Vet\u00e9s ut\u00e1n amint a sor l\u00e1tszik, megkap\u00e1ljuk. Folyamatosan gyommentesen \u00e9s porhany\u00f3san kell tartani k\u00f6r\u00fcl\u00f6tte a talajt.<\/li><li>Locsol\u00e1skor vizsg\u00e1ld meg, nem t\u00e1madta-e meg valami. <\/li><\/ol>\n\n\n\n<p> <\/p>\n\n\n\n<p><strong>Vide\u00f3 a vet\u00e9sr\u0151l<\/strong>: <\/p>\n\n\n\n<figure class=\"wp-block-embed is-type-video is-provider-youtube wp-block-embed-youtube wp-embed-aspect-16-9 wp-has-aspect-ratio\"><div class=\"wp-block-embed__wrapper\">\n<iframe loading=\"lazy\" title=\"Retek vet\u00e9s\" width=\"625\" height=\"352\" src=\"https:\/\/www.youtube.com\/embed\/M5UfUrIkgkU?feature=oembed\" frameborder=\"0\" allow=\"accelerometer; autoplay; clipboard-write; encrypted-media; gyroscope; picture-in-picture; web-share\" referrerpolicy=\"strict-origin-when-cross-origin\" allowfullscreen><\/iframe>\n<\/div><\/figure>\n\n\n\n<p><\/p>\n\n\n\n<p><strong>Teraszon is k\u00f6nnyen vethet\u0151: <\/strong>(Hamarosan felt\u00f6lt\u00e9sre ker\u00fcl.)<\/p>\n","protected":false},"excerpt":{"rendered":"<p>Tulajdons\u00e1ga: A-, B- \u00e9s C-vitaminban gazdag, de kalium &nbsp;\u00e9s foszfor tartalma is jelent\u0151s. Em\u00e9szt\u00e9st serkent\u0151, \u00e9tv\u00e1gygerjeszt\u0151, vesetiszt\u00edt\u00f3, antibakteri\u00e1lis \u00e9s gombaellenes hat\u00e1s\u00fa. Alkalmas megf\u00e1z\u00e1s \u00e9s cseppfert\u0151z\u00e9sek megel\u0151z\u00e9s\u00e9ben. T\u00e1mogatja a m\u00e1j m\u00e9regtelen\u00edt\u0151 munk\u00e1j\u00e1t \u00e9s epekiv\u00e1laszt\u00e1st. Vet\u00e9si ideje: Ny\u00e1ri retek: \u00e1prilis m\u00e1sodik fel\u00e9t\u0151l m\u00e1jus v\u00e9g\u00e9ig T\u00e9li retek: j\u00falius m\u00e1sodik fel\u00e9t\u0151l augusztus els\u0151 fel\u00e9ig Termeszt\u00e9se: A retek a k\u00f6zepesen [&hellip;]<\/p>\n","protected":false},"author":1,"featured_media":0,"parent":0,"menu_order":0,"comment_status":"closed","ping_status":"closed","template":"","meta":{"footnotes":""},"class_list":["post-171","page","type-page","status-publish","hentry"],"_links":{"self":[{"href":"https:\/\/konyhakertunk.hu\/index.php?rest_route=\/wp\/v2\/pages\/171","targetHints":{"allow":["GET"]}}],"collection":[{"href":"https:\/\/konyhakertunk.hu\/index.php?rest_route=\/wp\/v2\/pages"}],"about":[{"href":"https:\/\/konyhakertunk.hu\/index.php?rest_route=\/wp\/v2\/types\/page"}],"author":[{"embeddable":true,"href":"https:\/\/konyhakertunk.hu\/index.php?rest_route=\/wp\/v2\/users\/1"}],"replies":[{"embeddable":true,"href":"https:\/\/konyhakertunk.hu\/index.php?rest_route=%2Fwp%2Fv2%2Fcomments&post=171"}],"version-history":[{"count":10,"href":"https:\/\/konyhakertunk.hu\/index.php?rest_route=\/wp\/v2\/pages\/171\/revisions"}],"predecessor-version":[{"id":501,"href":"https:\/\/konyhakertunk.hu\/index.php?rest_route=\/wp\/v2\/pages\/171\/revisions\/501"}],"wp:attachment":[{"href":"https:\/\/konyhakertunk.hu\/index.php?rest_route=%2Fwp%2Fv2%2Fmedia&parent=171"}],"curies":[{"name":"wp","href":"https:\/\/api.w.org\/{rel}","templated":true}]}}