{"id":172,"date":"2019-03-24T14:02:29","date_gmt":"2019-03-24T14:02:29","guid":{"rendered":"http:\/\/konyhakertunk.hu\/?page_id=172"},"modified":"2023-03-05T08:05:15","modified_gmt":"2023-03-05T08:05:15","slug":"spenot","status":"publish","type":"page","link":"https:\/\/konyhakertunk.hu\/?page_id=172","title":{"rendered":"SPEN\u00d3T"},"content":{"rendered":"\n<figure class=\"wp-block-image is-resized\"><img loading=\"lazy\" decoding=\"async\" src=\"https:\/\/konyhakertunk.hu\/wp-content\/uploads\/2019\/03\/spenot-01.jpg\" alt=\"\" class=\"wp-image-262\" width=\"510\" height=\"287\" srcset=\"https:\/\/konyhakertunk.hu\/wp-content\/uploads\/2019\/03\/spenot-01.jpg 620w, https:\/\/konyhakertunk.hu\/wp-content\/uploads\/2019\/03\/spenot-01-300x169.jpg 300w\" sizes=\"auto, (max-width: 510px) 100vw, 510px\" \/><\/figure>\n\n\n\n<p><em><strong>Tulajdons\u00e1ga<\/strong>:<\/em><\/p>\n\n\n\n<p>Fontos szerepet j\u00e1tszik a magas v\u00e9rnyom\u00e1s, v\u00e9rszeg\u00e9nys\u00e9g \u00e9s\nsz\u00e9kreked\u00e9s ellen. Magas karotionid \u00e9s klorofill tartalm\u00e1n\u00e1l fogva aj\u00e1nlhat\u00f3\nr\u00e1kos megbeteged\u00e9sek megel\u0151z\u00e9s\u00e9t szolg\u00e1l\u00f3 \u00e9trendbe. Fogy\u00f3k\u00far\u00e1z\u00f3s \u00e9trendbe is aj\u00e1nlott.<\/p>\n\n\n\n<p><em><strong>Vet\u00e9si ideje<\/strong>:<\/em><\/p>\n\n\n\n<p>M\u00e1rciusban \u00e9s j\u00faliusban<\/p>\n\n\n\n<p><em><strong>Termeszt\u00e9se:<\/strong><\/em><\/p>\n\n\n\n<p>1.&nbsp;&nbsp;&nbsp;&nbsp;&nbsp;&nbsp;&nbsp;&nbsp;&nbsp;&nbsp;&nbsp;A spen\u00f3t a k\u00f6zepesen tr\u00e1gy\u00e1zott talajt kedveli.  A n\u00f6v\u00e9ny termeszt\u00e9s\u00e9re sz\u00e1nt helyet \u00e1ssuk fel, gyoml\u00e1ljuk ki, majd egyenletesen gerebly\u00e9zz\u00fck el, hogy sima fel\u00fcletet kapjunk.<\/p>\n\n\n\n<p>2.&nbsp;&nbsp;&nbsp;&nbsp;&nbsp;&nbsp;&nbsp;&nbsp;&nbsp;&nbsp;&nbsp; H\u00fazzunk ki neki egy 2-3 cm-es\nm\u00e9lyed\u00e9st, \u00e9s abba helyezz\u00fck a magokat 2-3 cm-enk\u00e9nt.<\/p>\n\n\n\n<p>3.&nbsp;&nbsp;&nbsp;&nbsp;&nbsp;&nbsp;&nbsp;&nbsp;&nbsp;&nbsp;&nbsp; Takarjuk be f\u00f6lddel, enyh\u00e9n t\u00f6m\u00f6r\u00edts\u00fck felette a talajt,\nmajd locsoljuk meg.<\/p>\n\n\n\n<p>4.&nbsp;&nbsp;&nbsp;&nbsp;&nbsp;&nbsp;&nbsp;&nbsp;&nbsp;&nbsp;&nbsp; Minden este locsoljuk meg. <\/p>\n\n\n\n<p>5.&nbsp;&nbsp;&nbsp;&nbsp;&nbsp;&nbsp;&nbsp;&nbsp;&nbsp;&nbsp;&nbsp; Vet\u00e9s ut\u00e1n amint a sor l\u00e1tszik,\nmegkap\u00e1ljuk. Folyamatosan gyommentesen \u00e9s porhany\u00f3san kell tartani k\u00f6r\u00fcl\u00f6tte a\ntalajt.<\/p>\n\n\n\n<p>6.&nbsp;&nbsp;&nbsp;&nbsp;&nbsp;&nbsp;&nbsp;&nbsp;&nbsp;&nbsp;&nbsp; Locsol\u00e1skor vizsg\u00e1ld meg, nem t\u00e1madta-e meg valami. <\/p>\n\n\n\n<p><\/p>\n\n\n\n<p><strong>Vide\u00f3 a vet\u00e9sr\u0151l<\/strong>: <\/p>\n\n\n\n<figure class=\"wp-block-embed is-type-video is-provider-youtube wp-block-embed-youtube wp-embed-aspect-16-9 wp-has-aspect-ratio\"><div class=\"wp-block-embed__wrapper\">\n<iframe loading=\"lazy\" title=\"Spen\u00f3t vet\u00e9s\" width=\"625\" height=\"352\" src=\"https:\/\/www.youtube.com\/embed\/Jgsz7FwiTTY?feature=oembed\" frameborder=\"0\" allow=\"accelerometer; autoplay; clipboard-write; encrypted-media; gyroscope; picture-in-picture; web-share\" referrerpolicy=\"strict-origin-when-cross-origin\" allowfullscreen><\/iframe>\n<\/div><\/figure>\n\n\n\n<p><\/p>\n\n\n\n<p><strong>Teraszon is k\u00f6nnyen vethet\u0151: <\/strong> <\/p>\n\n\n\n<figure class=\"wp-block-embed is-type-video is-provider-youtube wp-block-embed-youtube wp-embed-aspect-16-9 wp-has-aspect-ratio\"><div class=\"wp-block-embed__wrapper\">\n<iframe loading=\"lazy\" title=\"Kert\u00e9szked\u00e9s teraszon - spen\u00f3t vet\u00e9s - spinach sowing\" width=\"625\" height=\"352\" src=\"https:\/\/www.youtube.com\/embed\/9lmYfzoHZ60?feature=oembed\" frameborder=\"0\" allow=\"accelerometer; autoplay; clipboard-write; encrypted-media; gyroscope; picture-in-picture; web-share\" referrerpolicy=\"strict-origin-when-cross-origin\" allowfullscreen><\/iframe>\n<\/div><\/figure>\n","protected":false},"excerpt":{"rendered":"<p>Tulajdons\u00e1ga: Fontos szerepet j\u00e1tszik a magas v\u00e9rnyom\u00e1s, v\u00e9rszeg\u00e9nys\u00e9g \u00e9s sz\u00e9kreked\u00e9s ellen. Magas karotionid \u00e9s klorofill tartalm\u00e1n\u00e1l fogva aj\u00e1nlhat\u00f3 r\u00e1kos megbeteged\u00e9sek megel\u0151z\u00e9s\u00e9t szolg\u00e1l\u00f3 \u00e9trendbe. Fogy\u00f3k\u00far\u00e1z\u00f3s \u00e9trendbe is aj\u00e1nlott. Vet\u00e9si ideje: M\u00e1rciusban \u00e9s j\u00faliusban Termeszt\u00e9se: 1.&nbsp;&nbsp;&nbsp;&nbsp;&nbsp;&nbsp;&nbsp;&nbsp;&nbsp;&nbsp;&nbsp;A spen\u00f3t a k\u00f6zepesen tr\u00e1gy\u00e1zott talajt kedveli. A n\u00f6v\u00e9ny termeszt\u00e9s\u00e9re sz\u00e1nt helyet \u00e1ssuk fel, gyoml\u00e1ljuk ki, majd egyenletesen gerebly\u00e9zz\u00fck el, hogy sima [&hellip;]<\/p>\n","protected":false},"author":1,"featured_media":0,"parent":0,"menu_order":0,"comment_status":"closed","ping_status":"closed","template":"","meta":{"footnotes":""},"class_list":["post-172","page","type-page","status-publish","hentry"],"_links":{"self":[{"href":"https:\/\/konyhakertunk.hu\/index.php?rest_route=\/wp\/v2\/pages\/172","targetHints":{"allow":["GET"]}}],"collection":[{"href":"https:\/\/konyhakertunk.hu\/index.php?rest_route=\/wp\/v2\/pages"}],"about":[{"href":"https:\/\/konyhakertunk.hu\/index.php?rest_route=\/wp\/v2\/types\/page"}],"author":[{"embeddable":true,"href":"https:\/\/konyhakertunk.hu\/index.php?rest_route=\/wp\/v2\/users\/1"}],"replies":[{"embeddable":true,"href":"https:\/\/konyhakertunk.hu\/index.php?rest_route=%2Fwp%2Fv2%2Fcomments&post=172"}],"version-history":[{"count":8,"href":"https:\/\/konyhakertunk.hu\/index.php?rest_route=\/wp\/v2\/pages\/172\/revisions"}],"predecessor-version":[{"id":525,"href":"https:\/\/konyhakertunk.hu\/index.php?rest_route=\/wp\/v2\/pages\/172\/revisions\/525"}],"wp:attachment":[{"href":"https:\/\/konyhakertunk.hu\/index.php?rest_route=%2Fwp%2Fv2%2Fmedia&parent=172"}],"curies":[{"name":"wp","href":"https:\/\/api.w.org\/{rel}","templated":true}]}}