{"id":174,"date":"2019-03-24T14:02:29","date_gmt":"2019-03-24T14:02:29","guid":{"rendered":"http:\/\/konyhakertunk.hu\/?page_id=174"},"modified":"2022-08-18T11:40:14","modified_gmt":"2022-08-18T11:40:14","slug":"voroshagyma","status":"publish","type":"page","link":"https:\/\/konyhakertunk.hu\/?page_id=174","title":{"rendered":"V\u00d6R\u00d6SHAGYMA"},"content":{"rendered":"\n<figure class=\"wp-block-image\"><img loading=\"lazy\" decoding=\"async\" width=\"500\" height=\"384\" src=\"https:\/\/konyhakertunk.hu\/wp-content\/uploads\/2019\/03\/mak\u00f3i.jpg\" alt=\"\" class=\"wp-image-273\" srcset=\"https:\/\/konyhakertunk.hu\/wp-content\/uploads\/2019\/03\/mak\u00f3i.jpg 500w, https:\/\/konyhakertunk.hu\/wp-content\/uploads\/2019\/03\/mak\u00f3i-300x230.jpg 300w\" sizes=\"auto, (max-width: 500px) 100vw, 500px\" \/><\/figure>\n\n\n\n<p><em><strong>Tulajdons\u00e1ga:<\/strong><\/em><\/p>\n\n\n\n<p>A v\u00f6r\u00f6shagym\u00e1nak magas a k\u00e1lcium \u00e9s a k\u00e1lium tartalma.\nCs\u00f6kkenti a megh\u0171l\u00e9ses panaszokat, j\u00f3 az em\u00e9szt\u00e9snek, \u00e9tv\u00e1gygerjeszt\u0151,\nfert\u0151tlen\u00edt\u0151,&nbsp; gomba ellenes hat\u00e1s\u00fa.\nCs\u00f6kkenti a v\u00e9r koleszterinszintj\u00e9t.<\/p>\n\n\n\n<p><em><strong>Vet\u00e9si ideje<\/strong>:<\/em><\/p>\n\n\n\n<p>\u00c1prilis elej\u00e9n<\/p>\n\n\n\n<p><em><strong>Termeszt\u00e9se<\/strong>:<\/em><\/p>\n\n\n\n<ol class=\"wp-block-list\"><li>A v\u00f6r\u00f6shagyma a k\u00f6zepesen tr\u00e1gy\u00e1zott talajt kedveli. A n\u00f6v\u00e9ny termeszt\u00e9s\u00e9re sz\u00e1nt helyet \u00e1ssuk fel, gyoml\u00e1ljuk ki, majd egyenletesen gerebly\u00e9zz\u00fck el, hogy sima fel\u00fcletet kapjunk.<\/li><li>A dughagym\u00e1kat egym\u00e1st\u00f3l 15-20 cm t\u00e1vols\u00e1gra, 5-6 cm m\u00e9lyen, gy\u00f6ker\u00e9vel lefel\u00e9 dugjuk be a f\u00f6ldbe.<\/li><li>Az els\u0151 k\u00e9t h\u00f3napban minden este locsoljuk meg.<\/li><li>Vet\u00e9s ut\u00e1n amint a sor l\u00e1tszik, megkap\u00e1ljuk. Folyamatosan gyommentesen \u00e9s porhany\u00f3san kell tartani k\u00f6r\u00fcl\u00f6tte a talajt.<\/li><\/ol>\n\n\n\n<p><\/p>\n\n\n\n<p><strong>Vide\u00f3 a vet\u00e9sr\u0151l<\/strong>: <\/p>\n\n\n\n<figure class=\"wp-block-embed is-type-video is-provider-youtube wp-block-embed-youtube wp-embed-aspect-16-9 wp-has-aspect-ratio\"><div class=\"wp-block-embed__wrapper\">\n<iframe loading=\"lazy\" title=\"V\u00f6r\u00f6shagyma vet\u00e9s\" width=\"625\" height=\"352\" src=\"https:\/\/www.youtube.com\/embed\/lX8SqxDqNxE?feature=oembed\" frameborder=\"0\" allow=\"accelerometer; autoplay; clipboard-write; encrypted-media; gyroscope; picture-in-picture; web-share\" referrerpolicy=\"strict-origin-when-cross-origin\" allowfullscreen><\/iframe>\n<\/div><\/figure>\n\n\n\n<p>  <\/p>\n\n\n\n<p><strong>Teraszon is k\u00f6nnyen vethet\u0151:<\/strong> <\/p>\n\n\n\n<figure class=\"wp-block-embed is-type-video is-provider-youtube wp-block-embed-youtube wp-embed-aspect-16-9 wp-has-aspect-ratio\"><div class=\"wp-block-embed__wrapper\">\n<iframe loading=\"lazy\" title=\"Kert\u00e9szked\u00e9s teraszon - v\u00f6r\u00f6shagyma - onion\" width=\"625\" height=\"352\" src=\"https:\/\/www.youtube.com\/embed\/5-Bfmwggx8U?feature=oembed\" frameborder=\"0\" allow=\"accelerometer; autoplay; clipboard-write; encrypted-media; gyroscope; picture-in-picture; web-share\" referrerpolicy=\"strict-origin-when-cross-origin\" allowfullscreen><\/iframe>\n<\/div><\/figure>\n","protected":false},"excerpt":{"rendered":"<p>Tulajdons\u00e1ga: A v\u00f6r\u00f6shagym\u00e1nak magas a k\u00e1lcium \u00e9s a k\u00e1lium tartalma. Cs\u00f6kkenti a megh\u0171l\u00e9ses panaszokat, j\u00f3 az em\u00e9szt\u00e9snek, \u00e9tv\u00e1gygerjeszt\u0151, fert\u0151tlen\u00edt\u0151,&nbsp; gomba ellenes hat\u00e1s\u00fa. Cs\u00f6kkenti a v\u00e9r koleszterinszintj\u00e9t. Vet\u00e9si ideje: \u00c1prilis elej\u00e9n Termeszt\u00e9se: A v\u00f6r\u00f6shagyma a k\u00f6zepesen tr\u00e1gy\u00e1zott talajt kedveli. A n\u00f6v\u00e9ny termeszt\u00e9s\u00e9re sz\u00e1nt helyet \u00e1ssuk fel, gyoml\u00e1ljuk ki, majd egyenletesen gerebly\u00e9zz\u00fck el, hogy sima fel\u00fcletet kapjunk. [&hellip;]<\/p>\n","protected":false},"author":1,"featured_media":0,"parent":0,"menu_order":0,"comment_status":"closed","ping_status":"closed","template":"","meta":{"footnotes":""},"class_list":["post-174","page","type-page","status-publish","hentry"],"_links":{"self":[{"href":"https:\/\/konyhakertunk.hu\/index.php?rest_route=\/wp\/v2\/pages\/174","targetHints":{"allow":["GET"]}}],"collection":[{"href":"https:\/\/konyhakertunk.hu\/index.php?rest_route=\/wp\/v2\/pages"}],"about":[{"href":"https:\/\/konyhakertunk.hu\/index.php?rest_route=\/wp\/v2\/types\/page"}],"author":[{"embeddable":true,"href":"https:\/\/konyhakertunk.hu\/index.php?rest_route=\/wp\/v2\/users\/1"}],"replies":[{"embeddable":true,"href":"https:\/\/konyhakertunk.hu\/index.php?rest_route=%2Fwp%2Fv2%2Fcomments&post=174"}],"version-history":[{"count":9,"href":"https:\/\/konyhakertunk.hu\/index.php?rest_route=\/wp\/v2\/pages\/174\/revisions"}],"predecessor-version":[{"id":512,"href":"https:\/\/konyhakertunk.hu\/index.php?rest_route=\/wp\/v2\/pages\/174\/revisions\/512"}],"wp:attachment":[{"href":"https:\/\/konyhakertunk.hu\/index.php?rest_route=%2Fwp%2Fv2%2Fmedia&parent=174"}],"curies":[{"name":"wp","href":"https:\/\/api.w.org\/{rel}","templated":true}]}}