{"id":340,"date":"2019-11-24T15:33:22","date_gmt":"2019-11-24T15:33:22","guid":{"rendered":"http:\/\/konyhakertunk.hu\/?page_id=340"},"modified":"2022-02-26T16:54:22","modified_gmt":"2022-02-26T16:54:22","slug":"havi-teendok","status":"publish","type":"page","link":"https:\/\/konyhakertunk.hu\/?page_id=340","title":{"rendered":"AKTU\u00c1LIS TEEND\u0150K"},"content":{"rendered":"\n<p class=\"has-text-align-center\"><strong>J\u00e9gen j\u00e1r\u00f3 JANU\u00c1R<\/strong><\/p>\n\n\n\n<p>Gondold \u00e1t, hogy id\u00e9n mit szeretn\u00e9l termeszteni.<\/p>\n\n\n\n<p>Tervezd meg, hogy mit \u00e9s hov\u00e1 szeretn\u00e9l \u00fcltetni a kertedben.<\/p>\n\n\n\n<p>Vedd meg a vet\u0151magokat.<\/p>\n\n\n\n<p><\/p>\n\n\n\n<p class=\"has-text-align-center\"><strong>Fagyot f\u00faj\u00f3 FEBRU\u00c1R<\/strong><\/p>\n\n\n\n<p>&lt;&lt;&lt;&lt;<strong><em>S\u00e1rgar\u00e9pa vet\u00e9se<\/em><\/strong>&gt;&gt;&gt;&gt;<\/p>\n\n\n\n<figure class=\"wp-block-embed is-type-video is-provider-youtube wp-block-embed-youtube wp-embed-aspect-16-9 wp-has-aspect-ratio\"><div class=\"wp-block-embed__wrapper\">\n<iframe loading=\"lazy\" title=\"S\u00e1rgar\u00e9pa vet\u00e9s\" width=\"625\" height=\"352\" src=\"https:\/\/www.youtube.com\/embed\/VuwFJj_BNPk?start=3&#038;feature=oembed\" frameborder=\"0\" allow=\"accelerometer; autoplay; clipboard-write; encrypted-media; gyroscope; picture-in-picture; web-share\" referrerpolicy=\"strict-origin-when-cross-origin\" allowfullscreen><\/iframe>\n<\/div><\/figure>\n\n\n\n<p><\/p>\n\n\n\n<p>&lt;&lt;&lt;&lt;<strong><em>Petrezselyem vet\u00e9se<\/em><\/strong>&gt;&gt;&gt;&gt;<\/p>\n\n\n\n<figure class=\"wp-block-embed is-type-video is-provider-youtube wp-block-embed-youtube wp-embed-aspect-16-9 wp-has-aspect-ratio\"><div class=\"wp-block-embed__wrapper\">\n<iframe loading=\"lazy\" title=\"Petrezselyem vet\u00e9s\" width=\"625\" height=\"352\" src=\"https:\/\/www.youtube.com\/embed\/YGP_kndY52c?start=1&#038;feature=oembed\" frameborder=\"0\" allow=\"accelerometer; autoplay; clipboard-write; encrypted-media; gyroscope; picture-in-picture; web-share\" referrerpolicy=\"strict-origin-when-cross-origin\" allowfullscreen><\/iframe>\n<\/div><\/figure>\n\n\n\n<p><\/p>\n\n\n\n<p>&lt;&lt;&lt;&lt;<strong><em>Uborka vet\u00e9se pal\u00e1nt\u00e1z\u00e1ssal<\/em><\/strong>&gt;&gt;&gt;&gt;<\/p>\n\n\n\n<figure class=\"wp-block-embed is-type-video is-provider-youtube wp-block-embed-youtube wp-embed-aspect-16-9 wp-has-aspect-ratio\"><div class=\"wp-block-embed__wrapper\">\n<iframe loading=\"lazy\" title=\"Uborka vet\u00e9s\" width=\"625\" height=\"352\" src=\"https:\/\/www.youtube.com\/embed\/wRTW08kBGWA?feature=oembed\" frameborder=\"0\" allow=\"accelerometer; autoplay; clipboard-write; encrypted-media; gyroscope; picture-in-picture; web-share\" referrerpolicy=\"strict-origin-when-cross-origin\" allowfullscreen><\/iframe>\n<\/div><\/figure>\n\n\n\n<p><\/p>\n\n\n\n<p>&lt;&lt;&lt;&lt;<strong><em>Paprika vet\u00e9se pal\u00e1nt\u00e1z\u00e1ssal<\/em><\/strong>&gt;&gt;&gt;&gt;<\/p>\n\n\n\n<figure class=\"wp-block-embed is-type-video is-provider-youtube wp-block-embed-youtube wp-embed-aspect-16-9 wp-has-aspect-ratio\"><div class=\"wp-block-embed__wrapper\">\n<iframe loading=\"lazy\" title=\"Paprika vet\u00e9s\" width=\"625\" height=\"352\" src=\"https:\/\/www.youtube.com\/embed\/IFkvbQh_BLM?start=5&#038;feature=oembed\" frameborder=\"0\" allow=\"accelerometer; autoplay; clipboard-write; encrypted-media; gyroscope; picture-in-picture; web-share\" referrerpolicy=\"strict-origin-when-cross-origin\" allowfullscreen><\/iframe>\n<\/div><\/figure>\n\n\n\n<p><\/p>\n\n\n\n<p>&lt;&lt;&lt;&lt;<strong><em>Sal\u00e1ta vet\u00e9se pal\u00e1nt\u00e1z\u00e1ssal<\/em><\/strong>&gt;&gt;&gt;&gt;<\/p>\n\n\n\n<figure class=\"wp-block-embed is-type-video is-provider-youtube wp-block-embed-youtube wp-embed-aspect-16-9 wp-has-aspect-ratio\"><div class=\"wp-block-embed__wrapper\">\n<iframe loading=\"lazy\" title=\"Sal\u00e1ta vet\u00e9s\" width=\"625\" height=\"352\" src=\"https:\/\/www.youtube.com\/embed\/UHN62AIYcXY?start=3&#038;feature=oembed\" frameborder=\"0\" allow=\"accelerometer; autoplay; clipboard-write; encrypted-media; gyroscope; picture-in-picture; web-share\" referrerpolicy=\"strict-origin-when-cross-origin\" allowfullscreen><\/iframe>\n<\/div><\/figure>\n\n\n\n<p><\/p>\n\n\n\n<p>&lt;&lt;&lt;&lt;<strong><em>Paradicsom vet\u00e9se pal\u00e1nt\u00e1z\u00e1ssal<\/em><\/strong>&gt;&gt;&gt;&gt;<\/p>\n\n\n\n<figure class=\"wp-block-embed is-type-video is-provider-youtube wp-block-embed-youtube wp-embed-aspect-16-9 wp-has-aspect-ratio\"><div class=\"wp-block-embed__wrapper\">\n<iframe loading=\"lazy\" title=\"Paradicsom vet\u00e9s\" width=\"625\" height=\"352\" src=\"https:\/\/www.youtube.com\/embed\/uEv30D5zuE0?start=9&#038;feature=oembed\" frameborder=\"0\" allow=\"accelerometer; autoplay; clipboard-write; encrypted-media; gyroscope; picture-in-picture; web-share\" referrerpolicy=\"strict-origin-when-cross-origin\" allowfullscreen><\/iframe>\n<\/div><\/figure>\n\n\n\n<p><\/p>\n\n\n\n<p class=\"has-text-align-center\"><strong>R\u00fcgy-mozd\u00edt\u00f3 M\u00c1RCIUS<\/strong><\/p>\n\n\n\n<p>&lt;&lt;&lt;&lt;<em><strong>H\u00f3napos retek vet\u00e9se<\/strong><\/em>&gt;&gt;&gt;&gt;<\/p>\n\n\n\n<figure class=\"wp-block-embed is-type-video is-provider-youtube wp-block-embed-youtube wp-embed-aspect-16-9 wp-has-aspect-ratio\"><div class=\"wp-block-embed__wrapper\">\n<iframe loading=\"lazy\" title=\"Retek vet\u00e9s\" width=\"625\" height=\"352\" src=\"https:\/\/www.youtube.com\/embed\/M5UfUrIkgkU?start=89&#038;feature=oembed\" frameborder=\"0\" allow=\"accelerometer; autoplay; clipboard-write; encrypted-media; gyroscope; picture-in-picture; web-share\" referrerpolicy=\"strict-origin-when-cross-origin\" allowfullscreen><\/iframe>\n<\/div><\/figure>\n\n\n\n<p>&lt;&lt;&lt;&lt;<strong><em>Fokhagyma (tavaszi) vet\u00e9se<\/em><\/strong>&gt;&gt;&gt;&gt;<\/p>\n\n\n\n<figure class=\"wp-block-embed is-type-video is-provider-youtube wp-block-embed-youtube wp-embed-aspect-16-9 wp-has-aspect-ratio\"><div class=\"wp-block-embed__wrapper\">\n<iframe loading=\"lazy\" title=\"Fokhagyma vet\u00e9s\" width=\"625\" height=\"352\" src=\"https:\/\/www.youtube.com\/embed\/hhsHr_mKHek?start=5&#038;feature=oembed\" frameborder=\"0\" allow=\"accelerometer; autoplay; clipboard-write; encrypted-media; gyroscope; picture-in-picture; web-share\" referrerpolicy=\"strict-origin-when-cross-origin\" allowfullscreen><\/iframe>\n<\/div><\/figure>\n\n\n\n<p>&lt;&lt;&lt;&lt;<strong><em>Spen\u00f3t vet\u00e9se<\/em><\/strong>&gt;&gt;&gt;&gt;<\/p>\n\n\n\n<figure class=\"wp-block-embed is-type-video is-provider-youtube wp-block-embed-youtube wp-embed-aspect-16-9 wp-has-aspect-ratio\"><div class=\"wp-block-embed__wrapper\">\n<iframe loading=\"lazy\" title=\"Spen\u00f3t vet\u00e9s\" width=\"625\" height=\"352\" src=\"https:\/\/www.youtube.com\/embed\/Jgsz7FwiTTY?start=2&#038;feature=oembed\" frameborder=\"0\" allow=\"accelerometer; autoplay; clipboard-write; encrypted-media; gyroscope; picture-in-picture; web-share\" referrerpolicy=\"strict-origin-when-cross-origin\" allowfullscreen><\/iframe>\n<\/div><\/figure>\n\n\n\n<p>&lt;&lt;&lt;&lt;<strong><em>S\u00f3ska vet\u00e9se<\/em><\/strong>&gt;&gt;&gt;&gt;<\/p>\n\n\n\n<figure class=\"wp-block-embed is-type-video is-provider-youtube wp-block-embed-youtube wp-embed-aspect-16-9 wp-has-aspect-ratio\"><div class=\"wp-block-embed__wrapper\">\n<iframe loading=\"lazy\" title=\"S\u00f3ska vet\u00e9s\" width=\"625\" height=\"352\" src=\"https:\/\/www.youtube.com\/embed\/LWVAqy5j0LA?start=2&#038;feature=oembed\" frameborder=\"0\" allow=\"accelerometer; autoplay; clipboard-write; encrypted-media; gyroscope; picture-in-picture; web-share\" referrerpolicy=\"strict-origin-when-cross-origin\" allowfullscreen><\/iframe>\n<\/div><\/figure>\n\n\n\n<p>&lt;&lt;&lt;&lt;<strong><em>Burgonya vet\u00e9se<\/em><\/strong>&gt;&gt;&gt;&gt;<\/p>\n\n\n\n<figure class=\"wp-block-embed is-type-video is-provider-youtube wp-block-embed-youtube wp-embed-aspect-16-9 wp-has-aspect-ratio\"><div class=\"wp-block-embed__wrapper\">\n<iframe loading=\"lazy\" title=\"Burgonya vet\u00e9se\" width=\"625\" height=\"352\" src=\"https:\/\/www.youtube.com\/embed\/4Ee5FBmFvLQ?start=15&#038;feature=oembed\" frameborder=\"0\" allow=\"accelerometer; autoplay; clipboard-write; encrypted-media; gyroscope; picture-in-picture; web-share\" referrerpolicy=\"strict-origin-when-cross-origin\" allowfullscreen><\/iframe>\n<\/div><\/figure>\n\n\n\n<p><\/p>\n\n\n\n<p class=\"has-text-align-center\"><strong>\u00c1PRILIS, f\u00fctty\u00f6s, fi\u00fas<\/strong><\/p>\n\n\n\n<p>&lt;&lt;&lt;&lt;<strong><em>H\u00f3napos retek vet\u00e9se<\/em><\/strong>&gt;&gt;&gt;&gt;<\/p>\n\n\n\n<figure class=\"wp-block-embed is-type-video is-provider-youtube wp-block-embed-youtube wp-embed-aspect-16-9 wp-has-aspect-ratio\"><div class=\"wp-block-embed__wrapper\">\n<iframe loading=\"lazy\" title=\"Retek vet\u00e9s\" width=\"625\" height=\"352\" src=\"https:\/\/www.youtube.com\/embed\/M5UfUrIkgkU?start=89&#038;feature=oembed\" frameborder=\"0\" allow=\"accelerometer; autoplay; clipboard-write; encrypted-media; gyroscope; picture-in-picture; web-share\" referrerpolicy=\"strict-origin-when-cross-origin\" allowfullscreen><\/iframe>\n<\/div><\/figure>\n\n\n\n<p><\/p>\n\n\n\n<p>&lt;&lt;&lt;&lt;<strong><em>V\u00f6r\u00f6shagyma vet\u00e9se<\/em><\/strong>&gt;&gt;&gt;&gt;<\/p>\n\n\n\n<figure class=\"wp-block-embed is-type-video is-provider-youtube wp-block-embed-youtube wp-embed-aspect-16-9 wp-has-aspect-ratio\"><div class=\"wp-block-embed__wrapper\">\n<iframe loading=\"lazy\" title=\"V\u00f6r\u00f6shagyma vet\u00e9s\" width=\"625\" height=\"352\" src=\"https:\/\/www.youtube.com\/embed\/lX8SqxDqNxE?start=6&#038;feature=oembed\" frameborder=\"0\" allow=\"accelerometer; autoplay; clipboard-write; encrypted-media; gyroscope; picture-in-picture; web-share\" referrerpolicy=\"strict-origin-when-cross-origin\" allowfullscreen><\/iframe>\n<\/div><\/figure>\n\n\n\n<p>&lt;&lt;&lt;&lt;<strong><em>C\u00e9kla vet\u00e9se<\/em><\/strong>&gt;&gt;&gt;&gt;<\/p>\n\n\n\n<figure class=\"wp-block-embed is-type-video is-provider-youtube wp-block-embed-youtube wp-embed-aspect-16-9 wp-has-aspect-ratio\"><div class=\"wp-block-embed__wrapper\">\n<iframe loading=\"lazy\" title=\"C\u00e9kla vet\u00e9s\" width=\"625\" height=\"352\" src=\"https:\/\/www.youtube.com\/embed\/Ui9P_gU2vqU?start=5&#038;feature=oembed\" frameborder=\"0\" allow=\"accelerometer; autoplay; clipboard-write; encrypted-media; gyroscope; picture-in-picture; web-share\" referrerpolicy=\"strict-origin-when-cross-origin\" allowfullscreen><\/iframe>\n<\/div><\/figure>\n\n\n\n<p>&lt;&lt;&lt;&lt;<em><strong>Uborka pal\u00e1nta \u00fcltet\u00e9se<\/strong><\/em>&gt;&gt;&gt;&gt;<\/p>\n\n\n\n<figure class=\"wp-block-embed is-type-video is-provider-youtube wp-block-embed-youtube wp-embed-aspect-16-9 wp-has-aspect-ratio\"><div class=\"wp-block-embed__wrapper\">\n<iframe loading=\"lazy\" title=\"Uborka \u00fcltet\u00e9s\" width=\"625\" height=\"352\" src=\"https:\/\/www.youtube.com\/embed\/jLQu7o6FHIk?start=16&#038;feature=oembed\" frameborder=\"0\" allow=\"accelerometer; autoplay; clipboard-write; encrypted-media; gyroscope; picture-in-picture; web-share\" referrerpolicy=\"strict-origin-when-cross-origin\" allowfullscreen><\/iframe>\n<\/div><\/figure>\n\n\n\n<p>&lt;&lt;&lt;&lt;<em><strong>Paprika pal\u00e1nta \u00fcltet\u00e9se<\/strong><\/em>&gt;&gt;&gt;&gt;<\/p>\n\n\n\n<figure class=\"wp-block-embed is-type-video is-provider-youtube wp-block-embed-youtube wp-embed-aspect-16-9 wp-has-aspect-ratio\"><div class=\"wp-block-embed__wrapper\">\n<iframe loading=\"lazy\" title=\"Paprika \u00fcltet\u00e9s\" width=\"625\" height=\"352\" src=\"https:\/\/www.youtube.com\/embed\/8dzf2pMCqbU?start=1&#038;feature=oembed\" frameborder=\"0\" allow=\"accelerometer; autoplay; clipboard-write; encrypted-media; gyroscope; picture-in-picture; web-share\" referrerpolicy=\"strict-origin-when-cross-origin\" allowfullscreen><\/iframe>\n<\/div><\/figure>\n\n\n\n<p>&lt;&lt;&lt;&lt;<strong><em>Z\u00f6ldbors\u00f3 vet\u00e9se<\/em><\/strong>&gt;&gt;&gt;&gt;<\/p>\n\n\n\n<figure class=\"wp-block-embed is-type-video is-provider-youtube wp-block-embed-youtube wp-embed-aspect-16-9 wp-has-aspect-ratio\"><div class=\"wp-block-embed__wrapper\">\n<iframe loading=\"lazy\" title=\"Z\u00f6ldbors\u00f3 vet\u00e9s\" width=\"625\" height=\"352\" src=\"https:\/\/www.youtube.com\/embed\/t1w5zZoWTVU?start=4&#038;feature=oembed\" frameborder=\"0\" allow=\"accelerometer; autoplay; clipboard-write; encrypted-media; gyroscope; picture-in-picture; web-share\" referrerpolicy=\"strict-origin-when-cross-origin\" allowfullscreen><\/iframe>\n<\/div><\/figure>\n\n\n\n<p>&lt;&lt;&lt;&lt;<strong><em>Z\u00f6ldbab vet\u00e9se<\/em><\/strong>&gt;&gt;&gt;&gt;<\/p>\n\n\n\n<figure class=\"wp-block-embed is-type-video is-provider-youtube wp-block-embed-youtube wp-embed-aspect-16-9 wp-has-aspect-ratio\"><div class=\"wp-block-embed__wrapper\">\n<iframe loading=\"lazy\" title=\"Bokorbab vet\u00e9s\" width=\"625\" height=\"352\" src=\"https:\/\/www.youtube.com\/embed\/Aad4PDhGGIo?start=5&#038;feature=oembed\" frameborder=\"0\" allow=\"accelerometer; autoplay; clipboard-write; encrypted-media; gyroscope; picture-in-picture; web-share\" referrerpolicy=\"strict-origin-when-cross-origin\" allowfullscreen><\/iframe>\n<\/div><\/figure>\n\n\n\n<p>&lt;&lt;&lt;&lt;<em><strong>Sal\u00e1ta \u00fcltet\u00e9se<\/strong><\/em>&gt;&gt;&gt;&gt;<\/p>\n\n\n\n<figure class=\"wp-block-embed is-type-video is-provider-youtube wp-block-embed-youtube wp-embed-aspect-16-9 wp-has-aspect-ratio\"><div class=\"wp-block-embed__wrapper\">\n<iframe loading=\"lazy\" title=\"Sal\u00e1ta \u00fcltet\u00e9s\" width=\"625\" height=\"352\" src=\"https:\/\/www.youtube.com\/embed\/2GNtwaGbESk?start=19&#038;feature=oembed\" frameborder=\"0\" allow=\"accelerometer; autoplay; clipboard-write; encrypted-media; gyroscope; picture-in-picture; web-share\" referrerpolicy=\"strict-origin-when-cross-origin\" allowfullscreen><\/iframe>\n<\/div><\/figure>\n\n\n\n<p>&lt;&lt;&lt;&lt;<em><strong>Paradicsom pal\u00e1nta \u00fcltet\u00e9se<\/strong><\/em>&gt;&gt;&gt;&gt;<\/p>\n\n\n\n<figure class=\"wp-block-embed is-type-video is-provider-youtube wp-block-embed-youtube wp-embed-aspect-16-9 wp-has-aspect-ratio\"><div class=\"wp-block-embed__wrapper\">\n<iframe loading=\"lazy\" title=\"Paradicsom \u00fcltet\u00e9s\" width=\"625\" height=\"352\" src=\"https:\/\/www.youtube.com\/embed\/iSo19fY6hYc?start=25&#038;feature=oembed\" frameborder=\"0\" allow=\"accelerometer; autoplay; clipboard-write; encrypted-media; gyroscope; picture-in-picture; web-share\" referrerpolicy=\"strict-origin-when-cross-origin\" allowfullscreen><\/iframe>\n<\/div><\/figure>\n\n\n\n<p class=\"has-text-align-center\"><strong>M\u00c1JUS, m\u00e1jus, vir\u00e1gd\u00fas<\/strong><\/p>\n\n\n\n<p>&lt;&lt;&lt;&lt;<em><strong>Ny\u00e1ri retek vet\u00e9se<\/strong><\/em>&gt;&gt;&gt;&gt;<\/p>\n\n\n\n<figure class=\"wp-block-embed is-type-video is-provider-youtube wp-block-embed-youtube wp-embed-aspect-16-9 wp-has-aspect-ratio\"><div class=\"wp-block-embed__wrapper\">\n<iframe loading=\"lazy\" title=\"Retek vet\u00e9s\" width=\"625\" height=\"352\" src=\"https:\/\/www.youtube.com\/embed\/M5UfUrIkgkU?start=89&#038;feature=oembed\" frameborder=\"0\" allow=\"accelerometer; autoplay; clipboard-write; encrypted-media; gyroscope; picture-in-picture; web-share\" referrerpolicy=\"strict-origin-when-cross-origin\" allowfullscreen><\/iframe>\n<\/div><\/figure>\n\n\n\n<p class=\"has-text-align-center\"><strong>Kal\u00e1sz-kony\u00edt\u00f3 J\u00daNIUS<\/strong><\/p>\n\n\n\n<p>Ebben a h\u00f3napban &#8230;..<\/p>\n\n\n\n<p class=\"has-text-align-center\"><strong>Kasza-suhint\u00f3 J\u00daLIUS<\/strong><\/p>\n\n\n\n<p>&lt;&lt;&lt;&lt;<strong><em>C\u00e9kla vet\u00e9se<\/em><\/strong>&gt;&gt;&gt;&gt;<\/p>\n\n\n\n<figure class=\"wp-block-embed is-type-video is-provider-youtube wp-block-embed-youtube wp-embed-aspect-16-9 wp-has-aspect-ratio\"><div class=\"wp-block-embed__wrapper\">\n<iframe loading=\"lazy\" title=\"C\u00e9kla vet\u00e9s\" width=\"625\" height=\"352\" src=\"https:\/\/www.youtube.com\/embed\/Ui9P_gU2vqU?start=5&#038;feature=oembed\" frameborder=\"0\" allow=\"accelerometer; autoplay; clipboard-write; encrypted-media; gyroscope; picture-in-picture; web-share\" referrerpolicy=\"strict-origin-when-cross-origin\" allowfullscreen><\/iframe>\n<\/div><\/figure>\n\n\n\n<p>&lt;&lt;&lt;&lt;<strong><em>Spen\u00f3t vet\u00e9se<\/em><\/strong>&gt;&gt;&gt;&gt;<\/p>\n\n\n\n<figure class=\"wp-block-embed is-type-video is-provider-youtube wp-block-embed-youtube wp-embed-aspect-16-9 wp-has-aspect-ratio\"><div class=\"wp-block-embed__wrapper\">\n<iframe loading=\"lazy\" title=\"Spen\u00f3t vet\u00e9s\" width=\"625\" height=\"352\" src=\"https:\/\/www.youtube.com\/embed\/Jgsz7FwiTTY?start=2&#038;feature=oembed\" frameborder=\"0\" allow=\"accelerometer; autoplay; clipboard-write; encrypted-media; gyroscope; picture-in-picture; web-share\" referrerpolicy=\"strict-origin-when-cross-origin\" allowfullscreen><\/iframe>\n<\/div><\/figure>\n\n\n\n<p>&lt;&lt;&lt;&lt;<strong><em>S\u00f3ska vet\u00e9se<\/em><\/strong>&gt;&gt;&gt;&gt;<\/p>\n\n\n\n<figure class=\"wp-block-embed is-type-video is-provider-youtube wp-block-embed-youtube wp-embed-aspect-16-9 wp-has-aspect-ratio\"><div class=\"wp-block-embed__wrapper\">\n<iframe loading=\"lazy\" title=\"S\u00f3ska vet\u00e9s\" width=\"625\" height=\"352\" src=\"https:\/\/www.youtube.com\/embed\/LWVAqy5j0LA?start=2&#038;feature=oembed\" frameborder=\"0\" allow=\"accelerometer; autoplay; clipboard-write; encrypted-media; gyroscope; picture-in-picture; web-share\" referrerpolicy=\"strict-origin-when-cross-origin\" allowfullscreen><\/iframe>\n<\/div><\/figure>\n\n\n\n<p class=\"has-text-align-center\"><strong>Aranyat izz\u00f3 AUGUSZTUS<\/strong><\/p>\n\n\n\n<p> &lt;&lt;&lt;&lt;<strong><em>T\u00e9li retek vet\u00e9se<\/em><\/strong>&gt;&gt;&gt;&gt; <\/p>\n\n\n\n<figure class=\"wp-block-embed is-type-video is-provider-youtube wp-block-embed-youtube wp-embed-aspect-16-9 wp-has-aspect-ratio\"><div class=\"wp-block-embed__wrapper\">\n<iframe loading=\"lazy\" title=\"Retek vet\u00e9s\" width=\"625\" height=\"352\" src=\"https:\/\/www.youtube.com\/embed\/M5UfUrIkgkU?start=89&#038;feature=oembed\" frameborder=\"0\" allow=\"accelerometer; autoplay; clipboard-write; encrypted-media; gyroscope; picture-in-picture; web-share\" referrerpolicy=\"strict-origin-when-cross-origin\" allowfullscreen><\/iframe>\n<\/div><\/figure>\n\n\n\n<p>&lt;&lt;&lt;&lt;<strong><em>Sal\u00e1ta vet\u00e9se pal\u00e1nt\u00e1z\u00e1ssa<\/em><\/strong>l&gt;&gt;&gt;&gt;<\/p>\n\n\n\n<figure class=\"wp-block-embed is-type-video is-provider-youtube wp-block-embed-youtube wp-embed-aspect-16-9 wp-has-aspect-ratio\"><div class=\"wp-block-embed__wrapper\">\n<iframe loading=\"lazy\" title=\"Sal\u00e1ta vet\u00e9s\" width=\"625\" height=\"352\" src=\"https:\/\/www.youtube.com\/embed\/UHN62AIYcXY?start=3&#038;feature=oembed\" frameborder=\"0\" allow=\"accelerometer; autoplay; clipboard-write; encrypted-media; gyroscope; picture-in-picture; web-share\" referrerpolicy=\"strict-origin-when-cross-origin\" allowfullscreen><\/iframe>\n<\/div><\/figure>\n\n\n\n<p class=\"has-text-align-center\"><strong>Sz\u0151l\u0151-szag\u00fa SZEPTEMBER<\/strong><\/p>\n\n\n\n<p>Ebben a h\u00f3napban&#8230;.<\/p>\n\n\n\n<p class=\"has-text-align-center\"><strong>Lev\u00e9lhullat\u00f3 OKT\u00d3BER<\/strong><\/p>\n\n\n\n<p>&lt;&lt;&lt;&lt;<strong><em>Sal\u00e1ta pal\u00e1nta \u00fcltet\u00e9se<\/em><\/strong>&gt;&gt;&gt;&gt;<\/p>\n\n\n\n<figure class=\"wp-block-embed is-type-video is-provider-youtube wp-block-embed-youtube wp-embed-aspect-16-9 wp-has-aspect-ratio\"><div class=\"wp-block-embed__wrapper\">\n<iframe loading=\"lazy\" title=\"Sal\u00e1ta \u00fcltet\u00e9s\" width=\"625\" height=\"352\" src=\"https:\/\/www.youtube.com\/embed\/2GNtwaGbESk?start=19&#038;feature=oembed\" frameborder=\"0\" allow=\"accelerometer; autoplay; clipboard-write; encrypted-media; gyroscope; picture-in-picture; web-share\" referrerpolicy=\"strict-origin-when-cross-origin\" allowfullscreen><\/iframe>\n<\/div><\/figure>\n\n\n\n<p>&lt;&lt;&lt;&lt;<strong><em>Fokhagyma (\u0151szi) vet\u00e9se<\/em><\/strong>&gt;&gt;&gt;&gt;<\/p>\n\n\n\n<figure class=\"wp-block-embed is-type-video is-provider-youtube wp-block-embed-youtube wp-embed-aspect-16-9 wp-has-aspect-ratio\"><div class=\"wp-block-embed__wrapper\">\n<iframe loading=\"lazy\" title=\"Fokhagyma vet\u00e9s\" width=\"625\" height=\"352\" src=\"https:\/\/www.youtube.com\/embed\/hhsHr_mKHek?start=5&#038;feature=oembed\" frameborder=\"0\" allow=\"accelerometer; autoplay; clipboard-write; encrypted-media; gyroscope; picture-in-picture; web-share\" referrerpolicy=\"strict-origin-when-cross-origin\" allowfullscreen><\/iframe>\n<\/div><\/figure>\n\n\n\n<p class=\"has-text-align-center\"><strong>K\u00f6d-nevel\u0151 NOVEMBER<\/strong><\/p>\n\n\n\n<p>Ebben a h\u00f3napban &#8230;.<\/p>\n\n\n\n<p class=\"has-text-align-center\"><strong>Deres-dar\u00e1s DECEMBER<\/strong><\/p>\n\n\n\n<p>Ebben a h\u00f3napban&#8230;.<\/p>\n","protected":false},"excerpt":{"rendered":"<p>J\u00e9gen j\u00e1r\u00f3 JANU\u00c1R Gondold \u00e1t, hogy id\u00e9n mit szeretn\u00e9l termeszteni. Tervezd meg, hogy mit \u00e9s hov\u00e1 szeretn\u00e9l \u00fcltetni a kertedben. Vedd meg a vet\u0151magokat. Fagyot f\u00faj\u00f3 FEBRU\u00c1R &lt;&lt;&lt;&lt;S\u00e1rgar\u00e9pa vet\u00e9se&gt;&gt;&gt;&gt; &lt;&lt;&lt;&lt;Petrezselyem vet\u00e9se&gt;&gt;&gt;&gt; &lt;&lt;&lt;&lt;Uborka vet\u00e9se pal\u00e1nt\u00e1z\u00e1ssal&gt;&gt;&gt;&gt; &lt;&lt;&lt;&lt;Paprika vet\u00e9se pal\u00e1nt\u00e1z\u00e1ssal&gt;&gt;&gt;&gt; &lt;&lt;&lt;&lt;Sal\u00e1ta vet\u00e9se pal\u00e1nt\u00e1z\u00e1ssal&gt;&gt;&gt;&gt; &lt;&lt;&lt;&lt;Paradicsom vet\u00e9se pal\u00e1nt\u00e1z\u00e1ssal&gt;&gt;&gt;&gt; R\u00fcgy-mozd\u00edt\u00f3 M\u00c1RCIUS &lt;&lt;&lt;&lt;H\u00f3napos retek vet\u00e9se&gt;&gt;&gt;&gt; &lt;&lt;&lt;&lt;Fokhagyma (tavaszi) vet\u00e9se&gt;&gt;&gt;&gt; &lt;&lt;&lt;&lt;Spen\u00f3t vet\u00e9se&gt;&gt;&gt;&gt; &lt;&lt;&lt;&lt;S\u00f3ska vet\u00e9se&gt;&gt;&gt;&gt; [&hellip;]<\/p>\n","protected":false},"author":1,"featured_media":0,"parent":0,"menu_order":0,"comment_status":"closed","ping_status":"closed","template":"","meta":{"footnotes":""},"class_list":["post-340","page","type-page","status-publish","hentry"],"_links":{"self":[{"href":"https:\/\/konyhakertunk.hu\/index.php?rest_route=\/wp\/v2\/pages\/340","targetHints":{"allow":["GET"]}}],"collection":[{"href":"https:\/\/konyhakertunk.hu\/index.php?rest_route=\/wp\/v2\/pages"}],"about":[{"href":"https:\/\/konyhakertunk.hu\/index.php?rest_route=\/wp\/v2\/types\/page"}],"author":[{"embeddable":true,"href":"https:\/\/konyhakertunk.hu\/index.php?rest_route=\/wp\/v2\/users\/1"}],"replies":[{"embeddable":true,"href":"https:\/\/konyhakertunk.hu\/index.php?rest_route=%2Fwp%2Fv2%2Fcomments&post=340"}],"version-history":[{"count":12,"href":"https:\/\/konyhakertunk.hu\/index.php?rest_route=\/wp\/v2\/pages\/340\/revisions"}],"predecessor-version":[{"id":476,"href":"https:\/\/konyhakertunk.hu\/index.php?rest_route=\/wp\/v2\/pages\/340\/revisions\/476"}],"wp:attachment":[{"href":"https:\/\/konyhakertunk.hu\/index.php?rest_route=%2Fwp%2Fv2%2Fmedia&parent=340"}],"curies":[{"name":"wp","href":"https:\/\/api.w.org\/{rel}","templated":true}]}}