{"id":55,"date":"2019-03-23T19:09:50","date_gmt":"2019-03-23T19:09:50","guid":{"rendered":"http:\/\/konyhakertunk.hu\/?page_id=55"},"modified":"2022-08-15T16:20:44","modified_gmt":"2022-08-15T16:20:44","slug":"zoldseg","status":"publish","type":"page","link":"https:\/\/konyhakertunk.hu\/?page_id=55","title":{"rendered":"PETREZSELYEM"},"content":{"rendered":"\n<figure class=\"wp-block-image\"><img loading=\"lazy\" decoding=\"async\" width=\"1024\" height=\"421\" src=\"https:\/\/konyhakertunk.hu\/wp-content\/uploads\/2019\/03\/petrezselyem-1-1024x421.jpg\" alt=\"\" class=\"wp-image-121\" srcset=\"https:\/\/konyhakertunk.hu\/wp-content\/uploads\/2019\/03\/petrezselyem-1-1024x421.jpg 1024w, https:\/\/konyhakertunk.hu\/wp-content\/uploads\/2019\/03\/petrezselyem-1-300x123.jpg 300w, https:\/\/konyhakertunk.hu\/wp-content\/uploads\/2019\/03\/petrezselyem-1-768x316.jpg 768w, https:\/\/konyhakertunk.hu\/wp-content\/uploads\/2019\/03\/petrezselyem-1-624x256.jpg 624w, https:\/\/konyhakertunk.hu\/wp-content\/uploads\/2019\/03\/petrezselyem-1.jpg 1290w\" sizes=\"auto, (max-width: 1024px) 100vw, 1024px\" \/><\/figure>\n\n\n\n<p><em><strong>Tulajdons\u00e1ga:<\/strong><\/em><\/p>\n\n\n\n<p>A-, C- \u00e9s E-vitaminokat tartalmaz. \u00c1sv\u00e1nyi anyagok k\u00f6z\u00fcl\nk\u00e1liumot \u00e9s vasat tartalmaz. V\u00e9rtiszt\u00edt\u00f3, er\u0151s v\u00edzhajt\u00f3 hat\u00e1s\u00fa n\u00f6v\u00e9ny. Hat a\nh\u00f6rg\u0151k tiszt\u00edt\u00e1s\u00e1ra. Az allergi\u00e1s eredet\u0171 t\u00fcssz\u00f6g\u00e9s cs\u00f6kkent\u00e9s\u00e9re is\nhaszn\u00e1lj\u00e1k.<\/p>\n\n\n\n<p><em><strong>Vet\u00e9si ideje:<\/strong><\/em><\/p>\n\n\n\n<p>Febru\u00e1r v\u00e9ge<\/p>\n\n\n\n<p><em><strong>Termeszt\u00e9se:<\/strong><\/em><\/p>\n\n\n\n<p>1.&nbsp;&nbsp;&nbsp;&nbsp;&nbsp;&nbsp;&nbsp;&nbsp;&nbsp;&nbsp;A petrezselyem a k\u00f6zepesen tr\u00e1gy\u00e1zott talajt kedveli.&nbsp; A n\u00f6v\u00e9ny termeszt\u00e9s\u00e9re sz\u00e1nt helyet \u00e1ssuk fel, gyoml\u00e1ljuk ki, majd egyenletesen gerebly\u00e9zz\u00fck el, hogy sima fel\u00fcletet kapjunk.<\/p>\n\n\n\n<p>2.&nbsp;&nbsp;&nbsp;&nbsp;&nbsp;&nbsp;&nbsp;&nbsp;&nbsp;&nbsp;&nbsp; H\u00fazzunk ki neki egy 2-3 cm-es\nm\u00e9lyed\u00e9st, \u00e9s abba helyezz\u00fck a magokat 3-4 cm-enk\u00e9nt.<\/p>\n\n\n\n<p>3.&nbsp;&nbsp;&nbsp;&nbsp;&nbsp;&nbsp;&nbsp;&nbsp;&nbsp;&nbsp;&nbsp; Takarjuk be f\u00f6lddel, enyh\u00e9n t\u00f6m\u00f6r\u00edts\u00fck felette a talajt,\nmajd locsoljuk meg.<\/p>\n\n\n\n<p>4.&nbsp;&nbsp;&nbsp;&nbsp;&nbsp;&nbsp;&nbsp;&nbsp;&nbsp;&nbsp;&nbsp; Est\u00e9nk\u00e9nt, m\u00e1s naponta locsoljuk meg.<\/p>\n\n\n\n<p>5.&nbsp;&nbsp;&nbsp;&nbsp;&nbsp;&nbsp;&nbsp;&nbsp;&nbsp;&nbsp;&nbsp; Vet\u00e9s ut\u00e1n amint a sor l\u00e1tszik, megkap\u00e1ljuk. Folyamatosan gyommentesen \u00e9s porhany\u00f3san kell tartani k\u00f6r\u00fcl\u00f6tte a talajt.<\/p>\n\n\n\n<p><\/p>\n\n\n\n<p><em><strong>Vide\u00f3 a vet\u00e9sr\u0151l<\/strong><\/em>:<\/p>\n\n\n\n<figure class=\"wp-block-embed is-type-video is-provider-youtube wp-block-embed-youtube wp-embed-aspect-16-9 wp-has-aspect-ratio\"><div class=\"wp-block-embed__wrapper\">\n<iframe loading=\"lazy\" title=\"Petrezselyem vet\u00e9s\" width=\"625\" height=\"352\" src=\"https:\/\/www.youtube.com\/embed\/YGP_kndY52c?feature=oembed\" frameborder=\"0\" allow=\"accelerometer; autoplay; clipboard-write; encrypted-media; gyroscope; picture-in-picture; web-share\" referrerpolicy=\"strict-origin-when-cross-origin\" allowfullscreen><\/iframe>\n<\/div><\/figure>\n\n\n\n<p><\/p>\n\n\n\n<p><strong>Teraszon is k\u00f6nnyen vethet\u0151:<\/strong><\/p>\n\n\n\n<figure class=\"wp-block-embed is-type-video is-provider-youtube wp-block-embed-youtube wp-embed-aspect-16-9 wp-has-aspect-ratio\"><div class=\"wp-block-embed__wrapper\">\n<iframe loading=\"lazy\" title=\"Kert\u00e9szked\u00e9s teraszon - petrezselyem\" width=\"625\" height=\"352\" src=\"https:\/\/www.youtube.com\/embed\/EwTZA2IZSDs?feature=oembed\" frameborder=\"0\" allow=\"accelerometer; autoplay; clipboard-write; encrypted-media; gyroscope; picture-in-picture; web-share\" referrerpolicy=\"strict-origin-when-cross-origin\" allowfullscreen><\/iframe>\n<\/div><\/figure>\n","protected":false},"excerpt":{"rendered":"<p>Tulajdons\u00e1ga: A-, C- \u00e9s E-vitaminokat tartalmaz. \u00c1sv\u00e1nyi anyagok k\u00f6z\u00fcl k\u00e1liumot \u00e9s vasat tartalmaz. V\u00e9rtiszt\u00edt\u00f3, er\u0151s v\u00edzhajt\u00f3 hat\u00e1s\u00fa n\u00f6v\u00e9ny. Hat a h\u00f6rg\u0151k tiszt\u00edt\u00e1s\u00e1ra. Az allergi\u00e1s eredet\u0171 t\u00fcssz\u00f6g\u00e9s cs\u00f6kkent\u00e9s\u00e9re is haszn\u00e1lj\u00e1k. Vet\u00e9si ideje: Febru\u00e1r v\u00e9ge Termeszt\u00e9se: 1.&nbsp;&nbsp;&nbsp;&nbsp;&nbsp;&nbsp;&nbsp;&nbsp;&nbsp;&nbsp;A petrezselyem a k\u00f6zepesen tr\u00e1gy\u00e1zott talajt kedveli.&nbsp; A n\u00f6v\u00e9ny termeszt\u00e9s\u00e9re sz\u00e1nt helyet \u00e1ssuk fel, gyoml\u00e1ljuk ki, majd egyenletesen gerebly\u00e9zz\u00fck el, hogy [&hellip;]<\/p>\n","protected":false},"author":1,"featured_media":0,"parent":0,"menu_order":0,"comment_status":"closed","ping_status":"closed","template":"","meta":{"footnotes":""},"class_list":["post-55","page","type-page","status-publish","hentry"],"_links":{"self":[{"href":"https:\/\/konyhakertunk.hu\/index.php?rest_route=\/wp\/v2\/pages\/55","targetHints":{"allow":["GET"]}}],"collection":[{"href":"https:\/\/konyhakertunk.hu\/index.php?rest_route=\/wp\/v2\/pages"}],"about":[{"href":"https:\/\/konyhakertunk.hu\/index.php?rest_route=\/wp\/v2\/types\/page"}],"author":[{"embeddable":true,"href":"https:\/\/konyhakertunk.hu\/index.php?rest_route=\/wp\/v2\/users\/1"}],"replies":[{"embeddable":true,"href":"https:\/\/konyhakertunk.hu\/index.php?rest_route=%2Fwp%2Fv2%2Fcomments&post=55"}],"version-history":[{"count":21,"href":"https:\/\/konyhakertunk.hu\/index.php?rest_route=\/wp\/v2\/pages\/55\/revisions"}],"predecessor-version":[{"id":496,"href":"https:\/\/konyhakertunk.hu\/index.php?rest_route=\/wp\/v2\/pages\/55\/revisions\/496"}],"wp:attachment":[{"href":"https:\/\/konyhakertunk.hu\/index.php?rest_route=%2Fwp%2Fv2%2Fmedia&parent=55"}],"curies":[{"name":"wp","href":"https:\/\/api.w.org\/{rel}","templated":true}]}}