{"id":56,"date":"2019-03-23T19:09:50","date_gmt":"2019-03-23T19:09:50","guid":{"rendered":"http:\/\/konyhakertunk.hu\/?page_id=56"},"modified":"2022-08-15T16:17:27","modified_gmt":"2022-08-15T16:17:27","slug":"sargarepa","status":"publish","type":"page","link":"https:\/\/konyhakertunk.hu\/?page_id=56","title":{"rendered":"S\u00c1RGAR\u00c9PA"},"content":{"rendered":"\n<figure class=\"wp-block-image\"><img loading=\"lazy\" decoding=\"async\" width=\"468\" height=\"266\" src=\"https:\/\/konyhakertunk.hu\/wp-content\/uploads\/2019\/03\/sargarepa1.jpg\" alt=\"\" class=\"wp-image-130\" srcset=\"https:\/\/konyhakertunk.hu\/wp-content\/uploads\/2019\/03\/sargarepa1.jpg 468w, https:\/\/konyhakertunk.hu\/wp-content\/uploads\/2019\/03\/sargarepa1-300x171.jpg 300w\" sizes=\"auto, (max-width: 468px) 100vw, 468px\" \/><\/figure>\n\n\n\n<p><em><strong>Tulajdons\u00e1ga:<\/strong><\/em><\/p>\n\n\n\n<p>T\u00e1pl\u00e1lkoz\u00e1si \u00e9rt\u00e9ke nagyon magas. Magas A-, &nbsp;B-, C- \u00e9s D-vitamin tartalm\u00fa. \u00c9rt\u00e9kes \u00e1sv\u00e1nyi\nanyagok vas, k\u00e1lcium \u00e9s k\u00e1lium tal\u00e1lhat\u00f3 benne. Nagy lelki megterhel\u00e9s \u00e9s\nstressz ut\u00e1n seg\u00edt regener\u00e1l\u00f3dni.<\/p>\n\n\n\n<p><em><strong>Vet\u00e9si ideje:<\/strong><\/em><\/p>\n\n\n\n<p>Febru\u00e1r v\u00e9g\u00e9t\u0151l<\/p>\n\n\n\n<p><em><strong>Termeszt\u00e9se:<\/strong><\/em><\/p>\n\n\n\n<ol class=\"wp-block-list\"><li>A s\u00e1rgar\u00e9pa a k\u00f6zepesen tr\u00e1gy\u00e1zott talajt kedveli. A n\u00f6v\u00e9ny termeszt\u00e9s\u00e9re sz\u00e1nt helyet \u00e1ssuk fel, gyoml\u00e1ljuk ki, majd egyenletesen gerebly\u00e9zz\u00fck el, hogy sima fel\u00fcletet kapjunk.<\/li><li>H\u00fazzunk ki neki egy 2-3 cm-es m\u00e9lyed\u00e9st, \u00e9s abba helyezz\u00fck a magokat 3-4 cm-enk\u00e9nt.<\/li><li>Takarjuk be f\u00f6lddel, enyh\u00e9n t\u00f6m\u00f6r\u00edts\u00fck felette a talajt, majd locsoljuk meg.<\/li><li>Est\u00e9nk\u00e9nt, m\u00e1s naponta locsoljuk meg.<\/li><li>Vet\u00e9s ut\u00e1n amint a sor l\u00e1tszik, megkap\u00e1ljuk. Folyamatosan gyommentesen \u00e9s porhany\u00f3san kell tartani k\u00f6r\u00fcl\u00f6tte a talajt.<\/li><\/ol>\n\n\n\n<p>A r\u00f6vid teny\u00e9szidej\u0171 fajt\u00e1k friss fogyaszt\u00e1sra alkalmasak,\nm\u00edg a hossz\u00fa teny\u00e9szidej\u0171ek j\u00f3l t\u00e1rolhat\u00f3ak.<\/p>\n\n\n\n<p><\/p>\n\n\n\n<p><em><strong>Vide\u00f3 a vet\u00e9sr\u0151l<\/strong><\/em>:<\/p>\n\n\n\n<figure class=\"wp-block-embed is-type-video is-provider-youtube wp-block-embed-youtube wp-embed-aspect-16-9 wp-has-aspect-ratio\"><div class=\"wp-block-embed__wrapper\">\n<iframe loading=\"lazy\" title=\"S\u00e1rgar\u00e9pa vet\u00e9s\" width=\"625\" height=\"352\" src=\"https:\/\/www.youtube.com\/embed\/VuwFJj_BNPk?feature=oembed\" frameborder=\"0\" allow=\"accelerometer; autoplay; clipboard-write; encrypted-media; gyroscope; picture-in-picture; web-share\" referrerpolicy=\"strict-origin-when-cross-origin\" allowfullscreen><\/iframe>\n<\/div><\/figure>\n\n\n\n<p><\/p>\n\n\n\n<p><strong>Teraszon is k\u00f6nnyen vethet\u0151:<\/strong><\/p>\n\n\n\n<figure class=\"wp-block-embed is-type-video is-provider-youtube wp-block-embed-youtube wp-embed-aspect-16-9 wp-has-aspect-ratio\"><div class=\"wp-block-embed__wrapper\">\n<iframe loading=\"lazy\" title=\"Kert\u00e9szked\u00e9s teraszon - s\u00e1rgar\u00e9pa\" width=\"625\" height=\"352\" src=\"https:\/\/www.youtube.com\/embed\/jWoQA5dzYvg?feature=oembed\" frameborder=\"0\" allow=\"accelerometer; autoplay; clipboard-write; encrypted-media; gyroscope; picture-in-picture; web-share\" referrerpolicy=\"strict-origin-when-cross-origin\" allowfullscreen><\/iframe>\n<\/div><\/figure>\n","protected":false},"excerpt":{"rendered":"<p>Tulajdons\u00e1ga: T\u00e1pl\u00e1lkoz\u00e1si \u00e9rt\u00e9ke nagyon magas. Magas A-, &nbsp;B-, C- \u00e9s D-vitamin tartalm\u00fa. \u00c9rt\u00e9kes \u00e1sv\u00e1nyi anyagok vas, k\u00e1lcium \u00e9s k\u00e1lium tal\u00e1lhat\u00f3 benne. Nagy lelki megterhel\u00e9s \u00e9s stressz ut\u00e1n seg\u00edt regener\u00e1l\u00f3dni. Vet\u00e9si ideje: Febru\u00e1r v\u00e9g\u00e9t\u0151l Termeszt\u00e9se: A s\u00e1rgar\u00e9pa a k\u00f6zepesen tr\u00e1gy\u00e1zott talajt kedveli. A n\u00f6v\u00e9ny termeszt\u00e9s\u00e9re sz\u00e1nt helyet \u00e1ssuk fel, gyoml\u00e1ljuk ki, majd egyenletesen gerebly\u00e9zz\u00fck el, hogy [&hellip;]<\/p>\n","protected":false},"author":1,"featured_media":0,"parent":0,"menu_order":0,"comment_status":"closed","ping_status":"closed","template":"","meta":{"footnotes":""},"class_list":["post-56","page","type-page","status-publish","hentry"],"_links":{"self":[{"href":"https:\/\/konyhakertunk.hu\/index.php?rest_route=\/wp\/v2\/pages\/56","targetHints":{"allow":["GET"]}}],"collection":[{"href":"https:\/\/konyhakertunk.hu\/index.php?rest_route=\/wp\/v2\/pages"}],"about":[{"href":"https:\/\/konyhakertunk.hu\/index.php?rest_route=\/wp\/v2\/types\/page"}],"author":[{"embeddable":true,"href":"https:\/\/konyhakertunk.hu\/index.php?rest_route=\/wp\/v2\/users\/1"}],"replies":[{"embeddable":true,"href":"https:\/\/konyhakertunk.hu\/index.php?rest_route=%2Fwp%2Fv2%2Fcomments&post=56"}],"version-history":[{"count":10,"href":"https:\/\/konyhakertunk.hu\/index.php?rest_route=\/wp\/v2\/pages\/56\/revisions"}],"predecessor-version":[{"id":494,"href":"https:\/\/konyhakertunk.hu\/index.php?rest_route=\/wp\/v2\/pages\/56\/revisions\/494"}],"wp:attachment":[{"href":"https:\/\/konyhakertunk.hu\/index.php?rest_route=%2Fwp%2Fv2%2Fmedia&parent=56"}],"curies":[{"name":"wp","href":"https:\/\/api.w.org\/{rel}","templated":true}]}}