{"id":57,"date":"2019-03-23T19:09:50","date_gmt":"2019-03-23T19:09:50","guid":{"rendered":"http:\/\/konyhakertunk.hu\/?page_id=57"},"modified":"2023-02-12T16:46:46","modified_gmt":"2023-02-12T16:46:46","slug":"soska","status":"publish","type":"page","link":"https:\/\/konyhakertunk.hu\/?page_id=57","title":{"rendered":"S\u00d3SKA"},"content":{"rendered":"\n<figure class=\"wp-block-image\"><img loading=\"lazy\" decoding=\"async\" width=\"600\" height=\"450\" src=\"https:\/\/konyhakertunk.hu\/wp-content\/uploads\/2019\/03\/soska.jpg\" alt=\"\" class=\"wp-image-134\" srcset=\"https:\/\/konyhakertunk.hu\/wp-content\/uploads\/2019\/03\/soska.jpg 600w, https:\/\/konyhakertunk.hu\/wp-content\/uploads\/2019\/03\/soska-300x225.jpg 300w\" sizes=\"auto, (max-width: 600px) 100vw, 600px\" \/><\/figure>\n\n\n\n<p><em><strong>Tulajdons\u00e1ga:<\/strong><\/em><\/p>\n\n\n\n<p>Sok \u00e1sv\u00e1nyi s\u00f3t, vasat tartalmaz. C- vitamin tartalma is\njelent\u0151s. Friss\u00edt\u0151, \u00e9l\u00e9nk\u00edt\u0151, \u00e9tv\u00e1gygerjeszt\u0151, vizelethajt\u00f3, ny\u00e1lkaold\u00f3,\nimmuner\u0151s\u00edt\u0151, \u00e9s v\u00e9rtiszt\u00edt\u00f3 hat\u00e1s\u00fa. <\/p>\n\n\n\n<p><em><strong>Vet\u00e9si ideje:<\/strong><\/em><\/p>\n\n\n\n<p>M\u00e1rciusban \u00e9s j\u00faliusban.<\/p>\n\n\n\n<p><em><strong>Termeszt\u00e9se:<\/strong><\/em><\/p>\n\n\n\n<ol class=\"wp-block-list\">\n<li>A s\u00f3ska a k\u00f6zepesen tr\u00e1gy\u00e1zott talajt kedveli. A n\u00f6v\u00e9ny termeszt\u00e9s\u00e9re sz\u00e1nt helyet \u00e1ssuk fel, gyoml\u00e1ljuk ki, majd egyenletesen gerebly\u00e9zz\u00fck el, hogy sima fel\u00fcletet kapjunk.<\/li>\n\n\n\n<li>H\u00fazzunk ki neki egy 2-3 cm-es m\u00e9lyed\u00e9st, \u00e9s abba helyezz\u00fck a magokat 2-3 cm-enk\u00e9nt.<\/li>\n\n\n\n<li>Takarjuk be f\u00f6lddel, enyh\u00e9n t\u00f6m\u00f6r\u00edts\u00fck felette a talajt, majd locsoljuk meg.<\/li>\n\n\n\n<li>Minden este locsoljuk meg. <\/li>\n\n\n\n<li>Vet\u00e9s ut\u00e1n amint a sor l\u00e1tszik, megkap\u00e1ljuk. Folyamatosan gyommentesen \u00e9s porhany\u00f3san kell tartani k\u00f6r\u00fcl\u00f6tte a talajt.<\/li>\n\n\n\n<li>Locsol\u00e1skor vizsg\u00e1ld meg, nem t\u00e1madta-e meg valami. (<strong>csiga<\/strong>, lisztharmat)<\/li>\n<\/ol>\n\n\n\n<p><\/p>\n\n\n\n<p><em><strong>Vide\u00f3 a vet\u00e9sr\u0151l<\/strong><\/em>: <\/p>\n\n\n\n<figure class=\"wp-block-embed is-type-video is-provider-youtube wp-block-embed-youtube wp-embed-aspect-16-9 wp-has-aspect-ratio\"><div class=\"wp-block-embed__wrapper\">\n<iframe loading=\"lazy\" title=\"S\u00f3ska vet\u00e9s\" width=\"625\" height=\"352\" src=\"https:\/\/www.youtube.com\/embed\/LWVAqy5j0LA?feature=oembed\" frameborder=\"0\" allow=\"accelerometer; autoplay; clipboard-write; encrypted-media; gyroscope; picture-in-picture; web-share\" referrerpolicy=\"strict-origin-when-cross-origin\" allowfullscreen><\/iframe>\n<\/div><\/figure>\n\n\n\n<p><\/p>\n\n\n\n<p><strong>Teraszon is k\u00f6nnyen vethet\u0151: <\/strong><\/p>\n\n\n\n<figure class=\"wp-block-embed is-type-video is-provider-youtube wp-block-embed-youtube wp-embed-aspect-16-9 wp-has-aspect-ratio\"><div class=\"wp-block-embed__wrapper\">\n<iframe loading=\"lazy\" title=\"Kert\u00e9szked\u00e9s teraszon - s\u00f3ska vet\u00e9s - sorrel sowing\" width=\"625\" height=\"352\" src=\"https:\/\/www.youtube.com\/embed\/m3glGGW59aU?feature=oembed\" frameborder=\"0\" allow=\"accelerometer; autoplay; clipboard-write; encrypted-media; gyroscope; picture-in-picture; web-share\" referrerpolicy=\"strict-origin-when-cross-origin\" allowfullscreen><\/iframe>\n<\/div><\/figure>\n","protected":false},"excerpt":{"rendered":"<p>Tulajdons\u00e1ga: Sok \u00e1sv\u00e1nyi s\u00f3t, vasat tartalmaz. C- vitamin tartalma is jelent\u0151s. Friss\u00edt\u0151, \u00e9l\u00e9nk\u00edt\u0151, \u00e9tv\u00e1gygerjeszt\u0151, vizelethajt\u00f3, ny\u00e1lkaold\u00f3, immuner\u0151s\u00edt\u0151, \u00e9s v\u00e9rtiszt\u00edt\u00f3 hat\u00e1s\u00fa. Vet\u00e9si ideje: M\u00e1rciusban \u00e9s j\u00faliusban. Termeszt\u00e9se: Vide\u00f3 a vet\u00e9sr\u0151l: Teraszon is k\u00f6nnyen vethet\u0151:<\/p>\n","protected":false},"author":1,"featured_media":0,"parent":0,"menu_order":0,"comment_status":"closed","ping_status":"closed","template":"","meta":{"footnotes":""},"class_list":["post-57","page","type-page","status-publish","hentry"],"_links":{"self":[{"href":"https:\/\/konyhakertunk.hu\/index.php?rest_route=\/wp\/v2\/pages\/57","targetHints":{"allow":["GET"]}}],"collection":[{"href":"https:\/\/konyhakertunk.hu\/index.php?rest_route=\/wp\/v2\/pages"}],"about":[{"href":"https:\/\/konyhakertunk.hu\/index.php?rest_route=\/wp\/v2\/types\/page"}],"author":[{"embeddable":true,"href":"https:\/\/konyhakertunk.hu\/index.php?rest_route=\/wp\/v2\/users\/1"}],"replies":[{"embeddable":true,"href":"https:\/\/konyhakertunk.hu\/index.php?rest_route=%2Fwp%2Fv2%2Fcomments&post=57"}],"version-history":[{"count":11,"href":"https:\/\/konyhakertunk.hu\/index.php?rest_route=\/wp\/v2\/pages\/57\/revisions"}],"predecessor-version":[{"id":522,"href":"https:\/\/konyhakertunk.hu\/index.php?rest_route=\/wp\/v2\/pages\/57\/revisions\/522"}],"wp:attachment":[{"href":"https:\/\/konyhakertunk.hu\/index.php?rest_route=%2Fwp%2Fv2%2Fmedia&parent=57"}],"curies":[{"name":"wp","href":"https:\/\/api.w.org\/{rel}","templated":true}]}}