{"id":58,"date":"2019-03-23T19:09:50","date_gmt":"2019-03-23T19:09:50","guid":{"rendered":"http:\/\/konyhakertunk.hu\/?page_id=58"},"modified":"2022-08-15T16:27:18","modified_gmt":"2022-08-15T16:27:18","slug":"salata","status":"publish","type":"page","link":"https:\/\/konyhakertunk.hu\/?page_id=58","title":{"rendered":"SAL\u00c1TA"},"content":{"rendered":"\n<figure class=\"wp-block-image\"><img loading=\"lazy\" decoding=\"async\" width=\"725\" height=\"417\" src=\"https:\/\/konyhakertunk.hu\/wp-content\/uploads\/2019\/03\/fejessalata.jpg\" alt=\"\" class=\"wp-image-124\" srcset=\"https:\/\/konyhakertunk.hu\/wp-content\/uploads\/2019\/03\/fejessalata.jpg 725w, https:\/\/konyhakertunk.hu\/wp-content\/uploads\/2019\/03\/fejessalata-300x173.jpg 300w, https:\/\/konyhakertunk.hu\/wp-content\/uploads\/2019\/03\/fejessalata-624x359.jpg 624w\" sizes=\"auto, (max-width: 725px) 100vw, 725px\" \/><\/figure>\n\n\n\n<p><em><strong>Tulajdons\u00e1ga:<\/strong><\/em><\/p>\n\n\n\n<p>Folsav, k\u00e1lium, k\u00e1lcium \u00e9s magn\u00e9zium tartalm\u00fa. Vitaminok\nk\u00f6z\u00fcl B-, A- \u00e9s C-vitamint tartalmaz. A sal\u00e1tal\u00e9 rendk\u00edv\u00fcl j\u00f3 hat\u00e1ssal van a\nl\u00e9gz\u0151 rendszer\u00fcnk ny\u00e1lkah\u00e1rty\u00e1j\u00e1ra. A k\u00f6h\u00f6g\u00e9si inger cs\u00f6kken. B-vitamin\ntartalma miatt pozit\u00edvan kihat az em\u00e9szt\u00e9si- \u00e9s idegrendszerre.<\/p>\n\n\n\n<p><em><strong>Vet\u00e9si ideje:<\/strong><\/em><\/p>\n\n\n\n<p>Febru\u00e1r v\u00e9ge<\/p>\n\n\n\n<p><em><strong>Termeszt\u00e9se:<\/strong><\/em><\/p>\n\n\n\n<ol class=\"wp-block-list\"><li>T\u00e1pkock\u00e1ba vagy pap\u00edrcser\u00e9pbe tegy\u00fcnk 1-1 szem magot 2-3cm m\u00e9lyen.<\/li><li>Meleg \u00e9s vil\u00e1gos helyen, minden nap locsolva nevelj\u00fck \u00e1prilis k\u00f6zep\u00e9ig.<\/li><li>A sal\u00e1ta az er\u0151sen \u00e9s a k\u00f6zepesen tr\u00e1gy\u00e1zott f\u00f6ldben is j\u00f3l \u00e9rzi mag\u00e1t. A n\u00f6v\u00e9ny termeszt\u00e9s\u00e9re sz\u00e1nt helyet \u00e1ssuk fel, gyoml\u00e1ljuk ki, majd egyenletesen gerebly\u00e9zz\u00fck el, hogy sima fel\u00fcletet kapjunk.<\/li><li>Ut\u00e1na a kock\u00e1ban hagyva ki\u00fcltetj\u00fck a m\u00e1r el\u0151k\u00e9sz\u00edtett ter\u00fcletre, egym\u00e1st\u00f3l 30-30cm-re.<\/li><li>Minden este locsoljuk meg.<\/li><li>Folyamatosan gyommentesen \u00e9s porhany\u00f3san kell tartani k\u00f6r\u00fcl\u00f6tte a talajt.<\/li><li>Locsol\u00e1skor vizsg\u00e1ld meg, nem t\u00e1madta-e meg valami. <\/li><\/ol>\n\n\n\n<p><\/p>\n\n\n\n<p><em><strong>Vide\u00f3 a vet\u00e9sr\u0151l<\/strong><\/em>: <\/p>\n\n\n\n<figure class=\"wp-block-embed is-type-video is-provider-youtube wp-block-embed-youtube wp-embed-aspect-16-9 wp-has-aspect-ratio\"><div class=\"wp-block-embed__wrapper\">\n<iframe loading=\"lazy\" title=\"Sal\u00e1ta vet\u00e9s\" width=\"625\" height=\"352\" src=\"https:\/\/www.youtube.com\/embed\/UHN62AIYcXY?start=2&#038;feature=oembed\" frameborder=\"0\" allow=\"accelerometer; autoplay; clipboard-write; encrypted-media; gyroscope; picture-in-picture; web-share\" referrerpolicy=\"strict-origin-when-cross-origin\" allowfullscreen><\/iframe>\n<\/div><\/figure>\n\n\n\n<p><strong>Vide\u00f3 az \u00fcltet\u00e9sr\u0151l<\/strong>: <\/p>\n\n\n\n<figure class=\"wp-block-embed is-type-video is-provider-youtube wp-block-embed-youtube wp-embed-aspect-16-9 wp-has-aspect-ratio\"><div class=\"wp-block-embed__wrapper\">\n<iframe loading=\"lazy\" title=\"Sal\u00e1ta \u00fcltet\u00e9s\" width=\"625\" height=\"352\" src=\"https:\/\/www.youtube.com\/embed\/2GNtwaGbESk?start=16&#038;feature=oembed\" frameborder=\"0\" allow=\"accelerometer; autoplay; clipboard-write; encrypted-media; gyroscope; picture-in-picture; web-share\" referrerpolicy=\"strict-origin-when-cross-origin\" allowfullscreen><\/iframe>\n<\/div><\/figure>\n\n\n\n<p><\/p>\n\n\n\n<p><strong>Teraszon is k\u00f6nnyen vethet\u0151:<\/strong> (Hamarosan felt\u00f6lt\u00e9sre ker\u00fcl.)<\/p>\n","protected":false},"excerpt":{"rendered":"<p>Tulajdons\u00e1ga: Folsav, k\u00e1lium, k\u00e1lcium \u00e9s magn\u00e9zium tartalm\u00fa. Vitaminok k\u00f6z\u00fcl B-, A- \u00e9s C-vitamint tartalmaz. A sal\u00e1tal\u00e9 rendk\u00edv\u00fcl j\u00f3 hat\u00e1ssal van a l\u00e9gz\u0151 rendszer\u00fcnk ny\u00e1lkah\u00e1rty\u00e1j\u00e1ra. A k\u00f6h\u00f6g\u00e9si inger cs\u00f6kken. B-vitamin tartalma miatt pozit\u00edvan kihat az em\u00e9szt\u00e9si- \u00e9s idegrendszerre. Vet\u00e9si ideje: Febru\u00e1r v\u00e9ge Termeszt\u00e9se: T\u00e1pkock\u00e1ba vagy pap\u00edrcser\u00e9pbe tegy\u00fcnk 1-1 szem magot 2-3cm m\u00e9lyen. Meleg \u00e9s vil\u00e1gos helyen, [&hellip;]<\/p>\n","protected":false},"author":1,"featured_media":0,"parent":0,"menu_order":0,"comment_status":"closed","ping_status":"closed","template":"","meta":{"footnotes":""},"class_list":["post-58","page","type-page","status-publish","hentry"],"_links":{"self":[{"href":"https:\/\/konyhakertunk.hu\/index.php?rest_route=\/wp\/v2\/pages\/58","targetHints":{"allow":["GET"]}}],"collection":[{"href":"https:\/\/konyhakertunk.hu\/index.php?rest_route=\/wp\/v2\/pages"}],"about":[{"href":"https:\/\/konyhakertunk.hu\/index.php?rest_route=\/wp\/v2\/types\/page"}],"author":[{"embeddable":true,"href":"https:\/\/konyhakertunk.hu\/index.php?rest_route=\/wp\/v2\/users\/1"}],"replies":[{"embeddable":true,"href":"https:\/\/konyhakertunk.hu\/index.php?rest_route=%2Fwp%2Fv2%2Fcomments&post=58"}],"version-history":[{"count":14,"href":"https:\/\/konyhakertunk.hu\/index.php?rest_route=\/wp\/v2\/pages\/58\/revisions"}],"predecessor-version":[{"id":503,"href":"https:\/\/konyhakertunk.hu\/index.php?rest_route=\/wp\/v2\/pages\/58\/revisions\/503"}],"wp:attachment":[{"href":"https:\/\/konyhakertunk.hu\/index.php?rest_route=%2Fwp%2Fv2%2Fmedia&parent=58"}],"curies":[{"name":"wp","href":"https:\/\/api.w.org\/{rel}","templated":true}]}}